{"id":7324,"date":"2025-12-18T08:35:21","date_gmt":"2025-12-18T08:35:21","guid":{"rendered":"https:\/\/parkinsonnolimits.com\/transparencia\/"},"modified":"2026-04-13T08:43:20","modified_gmt":"2026-04-13T08:43:20","slug":"trasparenza","status":"publish","type":"page","link":"https:\/\/parkinsonnolimits.com\/it\/trasparenza\/","title":{"rendered":"Trasparenza"},"content":{"rendered":"<style>.elementor-7324 .elementor-element.elementor-element-c3793c0{--display:flex;--flex-direction:row;--container-widget-width:calc( ( 1 - var( --container-widget-flex-grow ) ) * 100% );--container-widget-height:100%;--container-widget-flex-grow:1;--container-widget-align-self:stretch;--flex-wrap-mobile:wrap;--align-items:stretch;--gap:10px 10px;--row-gap:10px;--column-gap:10px;--overlay-opacity:0.3;--padding-top:280px;--padding-bottom:100px;--padding-left:0px;--padding-right:0px;}.elementor-7324 .elementor-element.elementor-element-c3793c0:not(.elementor-motion-effects-element-type-background), .elementor-7324 .elementor-element.elementor-element-c3793c0 > .elementor-motion-effects-container > .elementor-motion-effects-layer{background-image:url(\"https:\/\/parkinsonnolimits.com\/wp-content\/uploads\/2025\/12\/mar-fuerteventura.jpg\");background-position:center center;background-size:cover;}.elementor-7324 .elementor-element.elementor-element-c3793c0::before, .elementor-7324 .elementor-element.elementor-element-c3793c0 > .elementor-background-video-container::before, .elementor-7324 .elementor-element.elementor-element-c3793c0 > .e-con-inner > .elementor-background-video-container::before, .elementor-7324 .elementor-element.elementor-element-c3793c0 > .elementor-background-slideshow::before, .elementor-7324 .elementor-element.elementor-element-c3793c0 > .e-con-inner > .elementor-background-slideshow::before, .elementor-7324 .elementor-element.elementor-element-c3793c0 > .elementor-motion-effects-container > .elementor-motion-effects-layer::before{--background-overlay:'';background-color:var( --e-global-color-primary );}.elementor-7324 .elementor-element.elementor-element-ff207e3{--display:flex;--margin-top:0px;--margin-bottom:0px;--margin-left:0px;--margin-right:0px;}.elementor-7324 .elementor-element.elementor-element-10b5245{text-align:center;}.elementor-7324 .elementor-element.elementor-element-10b5245 .elementor-heading-title{font-family:var( --e-global-typography-fe688ec-font-family ), Sans-serif;font-size:var( --e-global-typography-fe688ec-font-size );font-weight:var( --e-global-typography-fe688ec-font-weight );text-transform:var( --e-global-typography-fe688ec-text-transform );line-height:var( --e-global-typography-fe688ec-line-height );letter-spacing:var( --e-global-typography-fe688ec-letter-spacing );word-spacing:var( --e-global-typography-fe688ec-word-spacing );color:var( --e-global-color-accent );}.elementor-7324 .elementor-element.elementor-element-68b7ef0{text-align:center;margin:0px 0px calc(var(--kit-widget-spacing, 0px) + 0px) 0px;}.elementor-7324 .elementor-element.elementor-element-68b7ef0 .elementor-heading-title{font-family:\"Reem Kufi\", Sans-serif;font-size:80px;font-weight:800;text-transform:uppercase;line-height:1.2em;color:var( --e-global-color-secondary );}.elementor-7324 .elementor-element.elementor-element-bbfa433{--display:flex;--flex-direction:column;--container-widget-width:100%;--container-widget-height:initial;--container-widget-flex-grow:0;--container-widget-align-self:initial;--flex-wrap-mobile:wrap;--padding-top:100px;--padding-bottom:100px;--padding-left:0px;--padding-right:0px;}:root{--page-title-display:none;}@media(max-width:1024px){.elementor-7324 .elementor-element.elementor-element-c3793c0{--padding-top:200px;--padding-bottom:0px;--padding-left:0px;--padding-right:0px;}.elementor-7324 .elementor-element.elementor-element-ff207e3{--margin-top:0px;--margin-bottom:0px;--margin-left:20px;--margin-right:20px;}.elementor-7324 .elementor-element.elementor-element-10b5245 .elementor-heading-title{font-size:var( --e-global-typography-fe688ec-font-size );line-height:var( --e-global-typography-fe688ec-line-height );letter-spacing:var( --e-global-typography-fe688ec-letter-spacing );word-spacing:var( --e-global-typography-fe688ec-word-spacing );}.elementor-7324 .elementor-element.elementor-element-68b7ef0 .elementor-heading-title{font-size:30px;}.elementor-7324 .elementor-element.elementor-element-68b7ef0{margin:0px 0px calc(var(--kit-widget-spacing, 0px) + 0px) 0px;padding:0px 0px 0px 0px;}.elementor-7324 .elementor-element.elementor-element-bbfa433{--padding-top:100px;--padding-bottom:100px;--padding-left:20px;--padding-right:20px;}}@media(max-width:767px){.elementor-7324 .elementor-element.elementor-element-c3793c0{--padding-top:200px;--padding-bottom:0px;--padding-left:0px;--padding-right:0px;}.elementor-7324 .elementor-element.elementor-element-ff207e3{--margin-top:0px;--margin-bottom:0px;--margin-left:20px;--margin-right:20px;}.elementor-7324 .elementor-element.elementor-element-10b5245 .elementor-heading-title{font-size:var( --e-global-typography-fe688ec-font-size );line-height:var( --e-global-typography-fe688ec-line-height );letter-spacing:var( --e-global-typography-fe688ec-letter-spacing );word-spacing:var( --e-global-typography-fe688ec-word-spacing );}.elementor-7324 .elementor-element.elementor-element-68b7ef0{margin:0px 0px calc(var(--kit-widget-spacing, 0px) + 50px) 0px;}}@media(min-width:768px){.elementor-7324 .elementor-element.elementor-element-c3793c0{--content-width:1200px;}}@media(max-width:1024px) and (min-width:768px){.elementor-7324 .elementor-element.elementor-element-ff207e3{--width:100%;}}<\/style>\t\t<div data-elementor-type=\"wp-page\" data-elementor-id=\"7324\" class=\"elementor elementor-7324 elementor-5201\">\n\t\t\t\t<div class=\"elementor-element elementor-element-c3793c0 e-flex e-con-boxed e-con e-parent\" data-id=\"c3793c0\" data-element_type=\"container\" data-e-type=\"container\" data-settings=\"{&quot;background_background&quot;:&quot;classic&quot;}\">\n\t\t\t\t\t<div class=\"e-con-inner\">\n\t\t<div class=\"elementor-element elementor-element-ff207e3 e-con-full e-flex elementor-invisible e-con e-child\" data-id=\"ff207e3\" data-element_type=\"container\" data-e-type=\"container\" data-settings=\"{&quot;animation&quot;:&quot;fadeIn&quot;}\">\n\t\t\t\t<div class=\"elementor-element elementor-element-10b5245 elementor-invisible elementor-widget elementor-widget-heading\" data-id=\"10b5245\" data-element_type=\"widget\" data-e-type=\"widget\" data-settings=\"{&quot;_animation&quot;:&quot;fadeIn&quot;}\" data-widget_type=\"heading.default\">\n\t\t\t\t\t<h2 class=\"elementor-heading-title elementor-size-default\">Parkinson No limits<\/h2>\t\t\t\t<\/div>\n\t\t\t\t<div class=\"elementor-element elementor-element-68b7ef0 elementor-invisible elementor-widget elementor-widget-heading\" data-id=\"68b7ef0\" data-element_type=\"widget\" data-e-type=\"widget\" data-settings=\"{&quot;_animation&quot;:&quot;fadeIn&quot;,&quot;_animation_delay&quot;:200}\" data-widget_type=\"heading.default\">\n\t\t\t\t\t<h1 class=\"elementor-heading-title elementor-size-default\">Trasparenza 2022 \/ 2023<\/h1>\t\t\t\t<\/div>\n\t\t\t\t<\/div>\n\t\t\t\t\t<\/div>\n\t\t\t\t<\/div>\n\t\t<div class=\"elementor-element elementor-element-bbfa433 e-flex e-con-boxed e-con e-parent\" data-id=\"bbfa433\" data-element_type=\"container\" data-e-type=\"container\">\n\t\t\t\t\t<div class=\"e-con-inner\">\n\t\t\t\t<div class=\"elementor-element elementor-element-375f4e7 elementor-widget elementor-widget-text-editor\" data-id=\"375f4e7\" data-element_type=\"widget\" data-e-type=\"widget\" data-widget_type=\"text-editor.default\">\n\t\t\t\t\t\t\t\t\t<p>Trasparenza di PARKINSON NO LIMITS<\/p>\n\n<p><em><strong>Aggiornamento del 24\/04\/2024<\/strong><\/em><\/p>\n\n<p>L\u2019Associazione Fuertevida Parkinson No Limits, con CIF G76335587, \u00e8 un\u2019organizzazione non governativa senza scopo di lucro che opera per promuovere il progresso sociale e culturale nelle Isole Canarie.<\/p>\n\n<p>Le finalit\u00e0 dell\u2019associazione sono le seguenti:<\/p>\n<ul>\n<li>Rispondere ai bisogni fondamentali psicologici, sociali, educativi, fisici, economici e culturali dei seguenti gruppi: persone con disabilit\u00e0, persone migranti, persone anziane, caregiver, minori, famiglie, persone in situazione di esclusione sociale o vulnerabilit\u00e0 sociale, donne.<\/li>\n\n<li>Promuovere il benessere sociale, psicologico e fisico delle persone con disabilit\u00e0, con particolare attenzione a quelle affette da Parkinson e ai loro familiari.<\/li>\n\n<li>Promuovere ogni tipo di azione e iniziativa rivolta ai giovani per sensibilizzare e favorire l\u2019integrazione della disabilit\u00e0 nella societ\u00e0.<\/li>\n\n<li>Promuovere iniziative culturali per la conoscenza, la sensibilizzazione e l\u2019integrazione della disabilit\u00e0.<\/li>\n\n<li>Promuovere processi di inclusione sociale per persone in situazione di esclusione e\/o vulnerabilit\u00e0 sociale.<\/li>\n\n<li>Favorire attivamente e direttamente la partecipazione volontaria di persone fisiche e giuridiche.<\/li>\n<\/ul>\n\n<h3><br>Statuto<\/h3>\n\n<div><a href=\"\/wp-content\/uploads\/2025\/12\/2.-ESTATUTOS-PARKINSON-2023.pdf\" target=\"_blank\" rel=\"noopener\">Scarica in formato .pdf<\/a><\/div>\n\n<div> <\/div>\n<div>Il Governo spagnolo ha approvato la Legge sulla Trasparenza, Accesso all\u2019Informazione Pubblica e Buon Governo (Legge 19\/2013 del 9 dicembre), che riguarda diverse organizzazioni, tra cui gli enti senza scopo di lucro.<\/div>\n\n<p>In conformit\u00e0 a tale legge, alla Legge 12\/2014 del 26 dicembre sulla trasparenza e l\u2019accesso all\u2019informazione pubblica delle Canarie, e in linea con la nostra natura, missione e valori, siamo impegnati nei confronti della societ\u00e0 e, soprattutto, delle persone che assistiamo e supportiamo. Plena Inclusi\u00f3n Canarias pubblica in questa sezione del sito tutte le informazioni relative alla trasparenza delle proprie attivit\u00e0 e dei propri conti.<\/p>\n\n<ul>\n<li>Cliccando <a href=\"\/wp-content\/uploads\/2025\/12\/12-2014.pdf\" target=\"_blank\" rel=\"noopener\">qui<\/a> \u00e8 possibile accedere alla Legge 12\/2014 del 26 dicembre sulla trasparenza e l\u2019accesso all\u2019informazione pubblica delle Canarie.<\/li>\n\n<li>Cliccando <a href=\"\/wp-content\/uploads\/2025\/12\/19-2013.pdf\" target=\"_blank\" rel=\"noopener\">qui<\/a> \u00e8 possibile accedere alla Legge 19\/2013 sulla trasparenza, accesso all\u2019informazione pubblica e buon governo in Spagna.<\/li>\n\n<li>Cliccando <a href=\"https:\/\/transparenciacanarias.org\/\" target=\"_blank\" rel=\"noopener\">qui<\/a> \u00e8 possibile accedere al sito del Commissario per la Trasparenza delle Canarie.<\/li>\n<\/ul>\n\n<h3><br>Struttura organizzativa<\/h3>\n\n<ul>\n<li>Normativa applicabile all\u2019ente. <a href=\"\/wp-content\/uploads\/2025\/12\/Normativa-aplicable-a-la-entidad.docx\" target=\"_blank\" rel=\"noopener\">Formato odt<\/a>, <a href=\"\/wp-content\/uploads\/2025\/12\/Normativa-aplicable-a-la-entidad.pdf\" target=\"_blank\" rel=\"noopener\">Formato pdf<\/a>.<\/li>\n\n<li>Funzioni svolte dall\u2019ente. <a href=\"\/wp-content\/uploads\/2025\/12\/Funciones-Entidad-PArkinson.docx\">Formato odt<\/a>, <a href=\"\/wp-content\/uploads\/2025\/12\/Funciones-Entidad-PArkinson.pdf\">Formato pdf<\/a>.<\/li>\n\n<li>Organigramma dell\u2019ente. <a href=\"\/wp-content\/uploads\/2025\/12\/organigrama-asociacion.pdf\">Formato pdf<\/a>.<\/li>\n<\/ul>\n\n<h3><br>Amministratori e dirigenti:<\/h3>\n<p>La presente sezione non si applica all\u2019Associazione Fuertevida Parkinson No Limits, con CIF G76335587, in quanto il consiglio direttivo non percepisce alcuna remunerazione per le cariche ricoperte.<\/p>\n\n<h3><br>Servizi e procedure<\/h3>\n\n<p>Ai sensi dell\u2019articolo 10 della Legge 2\/2023 del 20 febbraio, relativa alla protezione delle persone che segnalano violazioni normative e alla lotta contro la corruzione, che specifica quali entit\u00e0 sono soggette a tali obblighi, la nostra associazione, essendo un ente senza scopo di lucro, non rientra tra quelle obbligate e pertanto non \u00e8 soggetta a tali disposizioni.<\/p>\n\n<h3><br>Informazioni economico-finanziarie<\/h3>\n\n<p>In questa sezione si fa riferimento alle informazioni economico-finanziarie dell\u2019ente relative agli anni 2022 e 2023:<\/p>\n\n<h4>Anno 2022:<\/h4>\n\n<ul>\n<li>Bilancio dell\u2019anno 2022. <a href=\"\/wp-content\/uploads\/2025\/12\/Balance-del-ano-2022.pdf\">Formato pdf<\/a><\/li>\n\n<li>Conto economico dell\u2019anno 2022. <a href=\"\/wp-content\/uploads\/2025\/12\/Cuenta-de-perdidas-y-ganancias-2022.pdf\">Formato pdf<\/a><\/li>\n\n<li>Relazione dell\u2019anno 2022. <a href=\"\/wp-content\/uploads\/2025\/12\/Memoria.pdf\">Formato pdf<\/a><\/li>\n<\/ul>\n\n<p>&nbsp;<\/p>\n\n<p>Per quanto riguarda i seguenti documenti, la nostra associazione non \u00e8 obbligata alla loro presentazione:<\/p>\n\n<ul>\n<li>Flussi di cassa dell\u2019anno 2022.<\/li>\n<li>Prospetto delle variazioni del patrimonio netto dell\u2019anno 2022.<\/li>\n<li>Relazione di revisione contabile dell\u2019anno 2022.<\/li>\n<li>Controllo da parte degli organi di vigilanza esterni dell\u2019anno 2022.<\/li>\n<li>Dichiarazione responsabile 2022. In <a href=\"\/wp-content\/uploads\/2025\/12\/DR-economico-financiero-2022-PARKINSON-1.pdf\">formato pdf<\/a><\/li>\n<\/ul>\n\n<h4><br>Anno 2023<\/h4>\n\n<p>In conformit\u00e0 alla Legge Organica 1\/2002 di marzo, che regola il diritto di associazione, alla Legge 4\/2003 del 28 febbraio sulle associazioni delle Canarie e al Decreto 12\/2007 del 5 febbraio, che approva il regolamento delle associazioni delle Canarie, il termine per la presentazione della documentazione economico-finanziaria scade il 1\u00b0 giugno dell\u2019anno in corso. Per questo motivo, la nostra associazione \u00e8 attualmente al lavoro su tale documentazione e non dispone ancora di una versione definitiva.<\/p>\n<p>Di conseguenza, alla data dell\u2019ultimo aggiornamento di questo portale, la documentazione indicata non \u00e8 disponibile.<\/p>\n\n<h4><br>Informazioni sui contratti<\/h4>\n\n<p>L\u2019Associazione Fuertevida Parkinson No Limits, con CIF G76335587, non ha stipulato alcun tipo di contratto negli anni 2022 e 2023. Pertanto, non vi sono informazioni relative ai seguenti punti:<\/p>\n\n<ul>\n<li>Denominazione e oggetto; durata, importo di gara e di aggiudicazione, procedura utilizzata, strumenti attraverso i quali, se del caso, \u00e8 stata pubblicizzata; numero di partecipanti alla procedura e identit\u00e0 delle persone o entit\u00e0 a cui \u00e8 stato aggiudicato il contratto.<\/li>\n\n<li>Dati statistici sulla percentuale in volume di bilancio dei contratti aggiudicati attraverso ciascuna delle procedure previste dalla normativa sugli appalti pubblici.<\/li>\n\n<li>Modifiche dei contratti formalizzati.<\/li>\n\n<li>Decisioni di recesso o rinuncia ai contratti.<\/li>\n\n<li>Elenco dei contratti minori: denominazione e oggetto; durata, importo di gara e di aggiudicazione, procedura utilizzata, strumenti attraverso i quali, se del caso, \u00e8 stata pubblicizzata; numero di partecipanti e identit\u00e0 delle persone o entit\u00e0 a cui \u00e8 stato aggiudicato il contratto.<\/li>\n<\/ul>\n\n<h4><br>Convenzioni e incarichi di gestione dell\u2019ente<\/h4>\n\n<p>Questa sezione non si applica all\u2019Associazione Fuertevida Parkinson No Limits, con CIF G76335587, in quanto l\u2019ente non ha stipulato convenzioni n\u00e9 affidamenti di gestione durante il periodo indicato.<\/p>\n\n<h4><br>Informazioni su aiuti e sovvenzioni<\/h4>\n\n<p>Aiuti e sovvenzioni. In <a href=\"\/wp-content\/uploads\/2025\/12\/PROYECTOS-CONCEDIDOS-EN-2023-PARKINSON.xlsx\">formato excel<\/a>. \n<a href=\"\/wp-content\/uploads\/2025\/12\/PROYECTOS-CONCEDIDOS-EN-2023-PARKINSON.pdf\">formato pdf<\/a>. \n<a href=\"\/wp-content\/uploads\/2025\/12\/PROYECTOS-CONCEDIDOS-EN-2023-PARKINSON.docx\">formato doc<\/a>.<\/p>\n<p>Se desidera ricevere ulteriori informazioni o chiarimenti sulla documentazione pubblicata, \u00e8 possibile inviare una richiesta tramite il seguente link o all\u2019indirizzo email info@parkinsonnolimits.com, indicando: la propria identit\u00e0, le informazioni richieste e un recapito per il contatto.<\/p>\t\t\t\t\t\t\t\t<\/div>\n\t\t\t\t\t<\/div>\n\t\t\t\t<\/div>\n\t\t\t\t<\/div>\n\t\t","protected":false},"excerpt":{"rendered":"<p>Parkinson No limits Trasparenza 2022 \/ 2023 Trasparenza di PARKINSON NO LIMITS Aggiornamento del 24\/04\/2024 L\u2019Associazione Fuertevida Parkinson No Limits, con CIF G76335587, \u00e8 un\u2019organizzazione non governativa senza scopo di lucro che opera per promuovere il progresso sociale e culturale nelle Isole Canarie. Le finalit\u00e0 dell\u2019associazione sono le seguenti: Rispondere ai bisogni fondamentali psicologici, sociali, [&hellip;]<\/p>\n","protected":false},"author":1,"featured_media":0,"parent":0,"menu_order":0,"comment_status":"closed","ping_status":"closed","template":"","meta":{"footnotes":""},"class_list":["post-7324","page","type-page","status-publish","hentry"],"_hostinger_reach_plugin_has_subscription_block":false,"_hostinger_reach_plugin_is_elementor":false,"_links":{"self":[{"href":"https:\/\/parkinsonnolimits.com\/it\/wp-json\/wp\/v2\/pages\/7324","targetHints":{"allow":["GET"]}}],"collection":[{"href":"https:\/\/parkinsonnolimits.com\/it\/wp-json\/wp\/v2\/pages"}],"about":[{"href":"https:\/\/parkinsonnolimits.com\/it\/wp-json\/wp\/v2\/types\/page"}],"author":[{"embeddable":true,"href":"https:\/\/parkinsonnolimits.com\/it\/wp-json\/wp\/v2\/users\/1"}],"replies":[{"embeddable":true,"href":"https:\/\/parkinsonnolimits.com\/it\/wp-json\/wp\/v2\/comments?post=7324"}],"version-history":[{"count":4,"href":"https:\/\/parkinsonnolimits.com\/it\/wp-json\/wp\/v2\/pages\/7324\/revisions"}],"predecessor-version":[{"id":7328,"href":"https:\/\/parkinsonnolimits.com\/it\/wp-json\/wp\/v2\/pages\/7324\/revisions\/7328"}],"wp:attachment":[{"href":"https:\/\/parkinsonnolimits.com\/it\/wp-json\/wp\/v2\/media?parent=7324"}],"curies":[{"name":"wp","href":"https:\/\/api.w.org\/{rel}","templated":true}]}}