{"id":7187,"date":"2025-12-18T09:55:11","date_gmt":"2025-12-18T09:55:11","guid":{"rendered":"https:\/\/parkinsonnolimits.com\/squadra-professionale\/jonay-cabrera-gonzalez\/"},"modified":"2026-04-13T06:43:58","modified_gmt":"2026-04-13T06:43:58","slug":"jonay-cabrera-gonzalez","status":"publish","type":"page","link":"https:\/\/parkinsonnolimits.com\/it\/squadra-professionale\/jonay-cabrera-gonzalez\/","title":{"rendered":"Jonay Cabrera Gonz\u00e1lez"},"content":{"rendered":"<style>.elementor-7187 .elementor-element.elementor-element-ea4acca{--display:flex;--flex-direction:row;--container-widget-width:calc( ( 1 - var( --container-widget-flex-grow ) ) * 100% );--container-widget-height:100%;--container-widget-flex-grow:1;--container-widget-align-self:stretch;--flex-wrap-mobile:wrap;--align-items:stretch;--gap:10px 10px;--row-gap:10px;--column-gap:10px;--overlay-opacity:0.3;--padding-top:280px;--padding-bottom:100px;--padding-left:0px;--padding-right:0px;}.elementor-7187 .elementor-element.elementor-element-ea4acca:not(.elementor-motion-effects-element-type-background), .elementor-7187 .elementor-element.elementor-element-ea4acca > .elementor-motion-effects-container > .elementor-motion-effects-layer{background-image:url(\"https:\/\/parkinsonnolimits.com\/wp-content\/uploads\/2025\/12\/parkinson-viaje.jpg\");background-position:center center;background-size:cover;}.elementor-7187 .elementor-element.elementor-element-ea4acca::before, .elementor-7187 .elementor-element.elementor-element-ea4acca > .elementor-background-video-container::before, .elementor-7187 .elementor-element.elementor-element-ea4acca > .e-con-inner > .elementor-background-video-container::before, .elementor-7187 .elementor-element.elementor-element-ea4acca > .elementor-background-slideshow::before, .elementor-7187 .elementor-element.elementor-element-ea4acca > .e-con-inner > .elementor-background-slideshow::before, .elementor-7187 .elementor-element.elementor-element-ea4acca > .elementor-motion-effects-container > .elementor-motion-effects-layer::before{--background-overlay:'';background-color:var( --e-global-color-primary );}.elementor-7187 .elementor-element.elementor-element-379cd7a{--display:flex;--margin-top:0px;--margin-bottom:0px;--margin-left:0px;--margin-right:0px;}.elementor-7187 .elementor-element.elementor-element-cafc5e2{text-align:center;}.elementor-7187 .elementor-element.elementor-element-cafc5e2 .elementor-heading-title{font-family:var( --e-global-typography-fe688ec-font-family ), Sans-serif;font-size:var( --e-global-typography-fe688ec-font-size );font-weight:var( --e-global-typography-fe688ec-font-weight );text-transform:var( --e-global-typography-fe688ec-text-transform );line-height:var( --e-global-typography-fe688ec-line-height );letter-spacing:var( --e-global-typography-fe688ec-letter-spacing );word-spacing:var( --e-global-typography-fe688ec-word-spacing );color:var( --e-global-color-accent );}.elementor-7187 .elementor-element.elementor-element-1827a7c{text-align:center;margin:0px 0px calc(var(--kit-widget-spacing, 0px) + 0px) 0px;}.elementor-7187 .elementor-element.elementor-element-1827a7c .elementor-heading-title{font-family:\"Reem Kufi\", Sans-serif;font-size:80px;font-weight:800;text-transform:uppercase;line-height:1.2em;color:var( --e-global-color-secondary );}.elementor-7187 .elementor-element.elementor-element-23b3134{--display:flex;--flex-direction:row;--container-widget-width:initial;--container-widget-height:100%;--container-widget-flex-grow:1;--container-widget-align-self:stretch;--flex-wrap-mobile:wrap;--gap:0px 0px;--row-gap:0px;--column-gap:0px;--padding-top:90px;--padding-bottom:120px;--padding-left:0px;--padding-right:0px;}.elementor-7187 .elementor-element.elementor-element-1852708{--display:flex;--flex-direction:column;--container-widget-width:100%;--container-widget-height:initial;--container-widget-flex-grow:0;--container-widget-align-self:initial;--flex-wrap-mobile:wrap;}.elementor-7187 .elementor-element.elementor-element-a66eddc{--display:flex;--flex-direction:column;--container-widget-width:100%;--container-widget-height:initial;--container-widget-flex-grow:0;--container-widget-align-self:initial;--flex-wrap-mobile:wrap;--justify-content:center;--padding-top:0px;--padding-bottom:0px;--padding-left:45px;--padding-right:0px;}.elementor-7187 .elementor-element.elementor-element-846da41{text-align:start;}.elementor-7187 .elementor-element.elementor-element-846da41 .elementor-heading-title{font-family:var( --e-global-typography-fe688ec-font-family ), Sans-serif;font-size:var( --e-global-typography-fe688ec-font-size );font-weight:var( --e-global-typography-fe688ec-font-weight );text-transform:var( --e-global-typography-fe688ec-text-transform );line-height:var( --e-global-typography-fe688ec-line-height );letter-spacing:var( --e-global-typography-fe688ec-letter-spacing );word-spacing:var( --e-global-typography-fe688ec-word-spacing );color:var( --e-global-color-accent );}.elementor-7187 .elementor-element.elementor-element-3e04047{text-align:start;margin:0px 50px calc(var(--kit-widget-spacing, 0px) + 0px) 0px;}.elementor-7187 .elementor-element.elementor-element-3e04047 .elementor-heading-title{font-family:var( --e-global-typography-primary-font-family ), Sans-serif;font-size:var( --e-global-typography-primary-font-size );font-weight:var( --e-global-typography-primary-font-weight );text-transform:var( --e-global-typography-primary-text-transform );line-height:var( --e-global-typography-primary-line-height );letter-spacing:var( --e-global-typography-primary-letter-spacing );}.elementor-7187 .elementor-element.elementor-element-9dc728a{color:#727272;margin:0px 50px calc(var(--kit-widget-spacing, 0px) + 0px) 0px;}.elementor-7187 .elementor-element.elementor-element-2f2aa49{--display:flex;--flex-direction:row;--container-widget-width:calc( ( 1 - var( --container-widget-flex-grow ) ) * 100% );--container-widget-height:100%;--container-widget-flex-grow:1;--container-widget-align-self:stretch;--flex-wrap-mobile:wrap;--align-items:stretch;--gap:10px 10px;--row-gap:10px;--column-gap:10px;--padding-top:100px;--padding-bottom:100px;--padding-left:0px;--padding-right:0px;}.elementor-7187 .elementor-element.elementor-element-2f2aa49:not(.elementor-motion-effects-element-type-background), .elementor-7187 .elementor-element.elementor-element-2f2aa49 > .elementor-motion-effects-container > .elementor-motion-effects-layer{background-color:#FBFBFB;}.elementor-7187 .elementor-element.elementor-element-6bc7b66{--display:flex;--margin-top:70px;--margin-bottom:70px;--margin-left:0px;--margin-right:100px;}.elementor-7187 .elementor-element.elementor-element-cf887d1{text-align:start;font-size:20px;font-weight:600;font-style:italic;color:#727272;margin:0px 0px calc(var(--kit-widget-spacing, 0px) + 0px) 0px;}.elementor-7187 .elementor-element.elementor-element-0331754{text-align:start;color:#727272;margin:0px 0px calc(var(--kit-widget-spacing, 0px) + 0px) 0px;}:root{--page-title-display:none;}@media(max-width:1024px){.elementor-7187 .elementor-element.elementor-element-ea4acca{--padding-top:200px;--padding-bottom:0px;--padding-left:0px;--padding-right:0px;}.elementor-7187 .elementor-element.elementor-element-379cd7a{--margin-top:0px;--margin-bottom:0px;--margin-left:20px;--margin-right:20px;}.elementor-7187 .elementor-element.elementor-element-cafc5e2 .elementor-heading-title{font-size:var( --e-global-typography-fe688ec-font-size );line-height:var( --e-global-typography-fe688ec-line-height );letter-spacing:var( --e-global-typography-fe688ec-letter-spacing );word-spacing:var( --e-global-typography-fe688ec-word-spacing );}.elementor-7187 .elementor-element.elementor-element-1827a7c .elementor-heading-title{font-size:30px;}.elementor-7187 .elementor-element.elementor-element-1827a7c{margin:0px 0px calc(var(--kit-widget-spacing, 0px) + 0px) 0px;}.elementor-7187 .elementor-element.elementor-element-846da41 .elementor-heading-title{font-size:var( --e-global-typography-fe688ec-font-size );line-height:var( --e-global-typography-fe688ec-line-height );letter-spacing:var( --e-global-typography-fe688ec-letter-spacing );word-spacing:var( --e-global-typography-fe688ec-word-spacing );}.elementor-7187 .elementor-element.elementor-element-3e04047 .elementor-heading-title{font-size:var( --e-global-typography-primary-font-size );line-height:var( --e-global-typography-primary-line-height );letter-spacing:var( --e-global-typography-primary-letter-spacing );}.elementor-7187 .elementor-element.elementor-element-3e04047{margin:0px 0px calc(var(--kit-widget-spacing, 0px) + 0px) 0px;}.elementor-7187 .elementor-element.elementor-element-9dc728a{margin:0px 50px calc(var(--kit-widget-spacing, 0px) + 0px) 0px;}.elementor-7187 .elementor-element.elementor-element-6bc7b66{--margin-top:50px;--margin-bottom:50px;--margin-left:0px;--margin-right:0px;--padding-top:0px;--padding-bottom:0px;--padding-left:30px;--padding-right:50px;}.elementor-7187 .elementor-element.elementor-element-cf887d1{margin:0px 0px calc(var(--kit-widget-spacing, 0px) + 0px) 0px;}.elementor-7187 .elementor-element.elementor-element-0331754{margin:0px 0px calc(var(--kit-widget-spacing, 0px) + 0px) 0px;}}@media(max-width:767px){.elementor-7187 .elementor-element.elementor-element-ea4acca{--padding-top:200px;--padding-bottom:0px;--padding-left:0px;--padding-right:0px;}.elementor-7187 .elementor-element.elementor-element-379cd7a{--margin-top:0px;--margin-bottom:0px;--margin-left:20px;--margin-right:20px;}.elementor-7187 .elementor-element.elementor-element-cafc5e2 .elementor-heading-title{font-size:var( --e-global-typography-fe688ec-font-size );line-height:var( --e-global-typography-fe688ec-line-height );letter-spacing:var( --e-global-typography-fe688ec-letter-spacing );word-spacing:var( --e-global-typography-fe688ec-word-spacing );}.elementor-7187 .elementor-element.elementor-element-1827a7c{margin:0px 0px calc(var(--kit-widget-spacing, 0px) + 50px) 0px;}.elementor-7187 .elementor-element.elementor-element-a66eddc{--padding-top:20px;--padding-bottom:0px;--padding-left:20px;--padding-right:20px;}.elementor-7187 .elementor-element.elementor-element-846da41 .elementor-heading-title{font-size:var( --e-global-typography-fe688ec-font-size );line-height:var( --e-global-typography-fe688ec-line-height );letter-spacing:var( --e-global-typography-fe688ec-letter-spacing );word-spacing:var( --e-global-typography-fe688ec-word-spacing );}.elementor-7187 .elementor-element.elementor-element-3e04047 .elementor-heading-title{font-size:var( --e-global-typography-primary-font-size );line-height:var( --e-global-typography-primary-line-height );letter-spacing:var( --e-global-typography-primary-letter-spacing );}.elementor-7187 .elementor-element.elementor-element-9dc728a{text-align:start;margin:0px 0px calc(var(--kit-widget-spacing, 0px) + 30px) 0px;}.elementor-7187 .elementor-element.elementor-element-2f2aa49{--padding-top:0px;--padding-bottom:0px;--padding-left:0px;--padding-right:0px;}.elementor-7187 .elementor-element.elementor-element-6bc7b66{--margin-top:0px;--margin-bottom:0px;--margin-left:0px;--margin-right:0px;--padding-top:70px;--padding-bottom:70px;--padding-left:30px;--padding-right:30px;}.elementor-7187 .elementor-element.elementor-element-cf887d1{text-align:start;margin:0px 0px calc(var(--kit-widget-spacing, 0px) + 30px) 0px;}.elementor-7187 .elementor-element.elementor-element-0331754{text-align:start;margin:0px 0px calc(var(--kit-widget-spacing, 0px) + 30px) 0px;}}@media(min-width:768px){.elementor-7187 .elementor-element.elementor-element-ea4acca{--content-width:1200px;}.elementor-7187 .elementor-element.elementor-element-1852708{--width:50%;}.elementor-7187 .elementor-element.elementor-element-a66eddc{--width:50%;}}@media(max-width:1024px) and (min-width:768px){.elementor-7187 .elementor-element.elementor-element-379cd7a{--width:100%;}}<\/style>\t\t<div data-elementor-type=\"wp-page\" data-elementor-id=\"7187\" class=\"elementor elementor-7187 elementor-5280\">\n\t\t\t\t<div class=\"elementor-element elementor-element-ea4acca e-flex e-con-boxed e-con e-parent\" data-id=\"ea4acca\" data-element_type=\"container\" data-e-type=\"container\" data-settings=\"{&quot;background_background&quot;:&quot;classic&quot;}\">\n\t\t\t\t\t<div class=\"e-con-inner\">\n\t\t<div class=\"elementor-element elementor-element-379cd7a e-con-full e-flex elementor-invisible e-con e-child\" data-id=\"379cd7a\" data-element_type=\"container\" data-e-type=\"container\" data-settings=\"{&quot;animation&quot;:&quot;fadeIn&quot;}\">\n\t\t\t\t<div class=\"elementor-element elementor-element-cafc5e2 elementor-invisible elementor-widget elementor-widget-heading\" data-id=\"cafc5e2\" data-element_type=\"widget\" data-e-type=\"widget\" data-settings=\"{&quot;_animation&quot;:&quot;fadeIn&quot;}\" data-widget_type=\"heading.default\">\n\t\t\t\t\t<h2 class=\"elementor-heading-title elementor-size-default\">Allenatore di boxe adattata<\/h2>\t\t\t\t<\/div>\n\t\t\t\t<div class=\"elementor-element elementor-element-1827a7c elementor-invisible elementor-widget elementor-widget-heading\" data-id=\"1827a7c\" data-element_type=\"widget\" data-e-type=\"widget\" data-settings=\"{&quot;_animation&quot;:&quot;fadeIn&quot;,&quot;_animation_delay&quot;:200}\" data-widget_type=\"heading.default\">\n\t\t\t\t\t<h1 class=\"elementor-heading-title elementor-size-default\">Jonay Cabrera gONZ\u00c1LEZ<\/h1>\t\t\t\t<\/div>\n\t\t\t\t<\/div>\n\t\t\t\t\t<\/div>\n\t\t\t\t<\/div>\n\t\t<div class=\"elementor-element elementor-element-23b3134 e-flex e-con-boxed e-con e-parent\" data-id=\"23b3134\" data-element_type=\"container\" data-e-type=\"container\">\n\t\t\t\t\t<div class=\"e-con-inner\">\n\t\t<div class=\"elementor-element elementor-element-1852708 e-con-full e-flex e-con e-child\" data-id=\"1852708\" data-element_type=\"container\" data-e-type=\"container\">\n\t\t\t\t<div class=\"elementor-element elementor-element-58b8a0c elementor-widget elementor-widget-image\" data-id=\"58b8a0c\" data-element_type=\"widget\" data-e-type=\"widget\" data-widget_type=\"image.default\">\n\t\t\t\t\t\t\t\t\t\t\t\t\t\t\t<img fetchpriority=\"high\" decoding=\"async\" width=\"600\" height=\"800\" src=\"https:\/\/parkinsonnolimits.com\/wp-content\/uploads\/2025\/12\/jonay-cabrera.jpg\" class=\"attachment-large size-large wp-image-6750\" alt=\"\" srcset=\"https:\/\/parkinsonnolimits.com\/wp-content\/uploads\/2025\/12\/jonay-cabrera.jpg 600w, https:\/\/parkinsonnolimits.com\/wp-content\/uploads\/2025\/12\/jonay-cabrera-225x300.jpg 225w\" sizes=\"(max-width: 600px) 100vw, 600px\" \/>\t\t\t\t\t\t\t\t\t\t\t\t\t\t\t<\/div>\n\t\t\t\t<\/div>\n\t\t<div class=\"elementor-element elementor-element-a66eddc e-con-full e-flex e-con e-child\" data-id=\"a66eddc\" data-element_type=\"container\" data-e-type=\"container\">\n\t\t\t\t<div class=\"elementor-element elementor-element-846da41 elementor-invisible elementor-widget elementor-widget-heading\" data-id=\"846da41\" data-element_type=\"widget\" data-e-type=\"widget\" data-settings=\"{&quot;_animation&quot;:&quot;fadeIn&quot;}\" data-widget_type=\"heading.default\">\n\t\t\t\t\t<h2 class=\"elementor-heading-title elementor-size-default\">Sportivo<\/h2>\t\t\t\t<\/div>\n\t\t\t\t<div class=\"elementor-element elementor-element-3e04047 elementor-invisible elementor-widget elementor-widget-heading\" data-id=\"3e04047\" data-element_type=\"widget\" data-e-type=\"widget\" data-settings=\"{&quot;_animation&quot;:&quot;fadeIn&quot;,&quot;_animation_delay&quot;:200}\" data-widget_type=\"heading.default\">\n\t\t\t\t\t<h2 class=\"elementor-heading-title elementor-size-default\">Ex pugile professionista<\/h2>\t\t\t\t<\/div>\n\t\t\t\t<div class=\"elementor-element elementor-element-9dc728a elementor-widget elementor-widget-text-editor\" data-id=\"9dc728a\" data-element_type=\"widget\" data-e-type=\"widget\" data-widget_type=\"text-editor.default\">\n\t\t\t\t\t\t\t\t\t<ul><li>Allenatore di boxe certificato dalla Federazione di boxe delle Isole Canarie<\/li><li>Personal trainer certificato dalla Federazione spagnola di bodybuilding e fitness<\/li><li>Terapista Reiki<\/li><li>Poeta<\/li><\/ul><p><br \/>Ex pugile, insegna questo sport da oltre dieci anni, integrando nel suo lavoro aspetti artistici strettamente legati alla crescita personale e, di conseguenza, al miglioramento generale della salute.<\/p>\t\t\t\t\t\t\t\t<\/div>\n\t\t\t\t<\/div>\n\t\t\t\t\t<\/div>\n\t\t\t\t<\/div>\n\t\t<div class=\"elementor-element elementor-element-2f2aa49 e-flex e-con-boxed e-con e-parent\" data-id=\"2f2aa49\" data-element_type=\"container\" data-e-type=\"container\" data-settings=\"{&quot;background_background&quot;:&quot;classic&quot;}\">\n\t\t\t\t\t<div class=\"e-con-inner\">\n\t\t<div class=\"elementor-element elementor-element-6bc7b66 e-con-full e-flex elementor-invisible e-con e-child\" data-id=\"6bc7b66\" data-element_type=\"container\" data-e-type=\"container\" data-settings=\"{&quot;animation&quot;:&quot;fadeIn&quot;}\">\n\t\t\t\t<div class=\"elementor-element elementor-element-cf887d1 elementor-widget elementor-widget-text-editor\" data-id=\"cf887d1\" data-element_type=\"widget\" data-e-type=\"widget\" data-widget_type=\"text-editor.default\">\n\t\t\t\t\t\t\t\t\t\nLa sua personale interpretazione della boxe risiede nell&#8217;ottenere i molteplici benefici derivanti dall&#8217;allenamento, con l&#8217;obiettivo della libera espressione di chi la pratica.\t\t\t\t\t\t\t\t<\/div>\n\t\t\t\t<div class=\"elementor-element elementor-element-0331754 elementor-widget elementor-widget-text-editor\" data-id=\"0331754\" data-element_type=\"widget\" data-e-type=\"widget\" data-widget_type=\"text-editor.default\">\n\t\t\t\t\t\t\t\t\t<p>\u00c8 importante che egli contribuisca, attraverso un allenamento strutturato e programmato, alla conoscenza di s\u00e9, contribuendo cos\u00ec al miglioramento delle capacit\u00e0 motorie e dei processi interni.<\/p>\t\t\t\t\t\t\t\t<\/div>\n\t\t\t\t<\/div>\n\t\t\t\t\t<\/div>\n\t\t\t\t<\/div>\n\t\t\t\t<\/div>\n\t\t","protected":false},"excerpt":{"rendered":"<p>Allenatore di boxe adattata Jonay Cabrera gONZ\u00c1LEZ Sportivo Ex pugile professionista Allenatore di boxe certificato dalla Federazione di boxe delle Isole Canarie Personal trainer certificato dalla Federazione spagnola di bodybuilding e fitness Terapista Reiki Poeta Ex pugile, insegna questo sport da oltre dieci anni, integrando nel suo lavoro aspetti artistici strettamente legati alla crescita personale [&hellip;]<\/p>\n","protected":false},"author":1,"featured_media":0,"parent":6741,"menu_order":0,"comment_status":"closed","ping_status":"closed","template":"","meta":{"footnotes":""},"class_list":["post-7187","page","type-page","status-publish","hentry"],"_hostinger_reach_plugin_has_subscription_block":false,"_hostinger_reach_plugin_is_elementor":false,"_links":{"self":[{"href":"https:\/\/parkinsonnolimits.com\/it\/wp-json\/wp\/v2\/pages\/7187","targetHints":{"allow":["GET"]}}],"collection":[{"href":"https:\/\/parkinsonnolimits.com\/it\/wp-json\/wp\/v2\/pages"}],"about":[{"href":"https:\/\/parkinsonnolimits.com\/it\/wp-json\/wp\/v2\/types\/page"}],"author":[{"embeddable":true,"href":"https:\/\/parkinsonnolimits.com\/it\/wp-json\/wp\/v2\/users\/1"}],"replies":[{"embeddable":true,"href":"https:\/\/parkinsonnolimits.com\/it\/wp-json\/wp\/v2\/comments?post=7187"}],"version-history":[{"count":3,"href":"https:\/\/parkinsonnolimits.com\/it\/wp-json\/wp\/v2\/pages\/7187\/revisions"}],"predecessor-version":[{"id":7190,"href":"https:\/\/parkinsonnolimits.com\/it\/wp-json\/wp\/v2\/pages\/7187\/revisions\/7190"}],"up":[{"embeddable":true,"href":"https:\/\/parkinsonnolimits.com\/it\/wp-json\/wp\/v2\/pages\/6741"}],"wp:attachment":[{"href":"https:\/\/parkinsonnolimits.com\/it\/wp-json\/wp\/v2\/media?parent=7187"}],"curies":[{"name":"wp","href":"https:\/\/api.w.org\/{rel}","templated":true}]}}