{"id":7178,"date":"2025-12-18T10:00:43","date_gmt":"2025-12-18T10:00:43","guid":{"rendered":"https:\/\/parkinsonnolimits.com\/squadra-professionale\/emma-greene\/"},"modified":"2026-04-13T06:40:42","modified_gmt":"2026-04-13T06:40:42","slug":"emma-greene","status":"publish","type":"page","link":"https:\/\/parkinsonnolimits.com\/it\/squadra-professionale\/emma-greene\/","title":{"rendered":"Emma Greene"},"content":{"rendered":"<style>.elementor-7178 .elementor-element.elementor-element-ec302f6{--display:flex;--flex-direction:row;--container-widget-width:calc( ( 1 - var( --container-widget-flex-grow ) ) * 100% );--container-widget-height:100%;--container-widget-flex-grow:1;--container-widget-align-self:stretch;--flex-wrap-mobile:wrap;--align-items:stretch;--gap:10px 10px;--row-gap:10px;--column-gap:10px;--overlay-opacity:0.3;--padding-top:280px;--padding-bottom:100px;--padding-left:0px;--padding-right:0px;}.elementor-7178 .elementor-element.elementor-element-ec302f6:not(.elementor-motion-effects-element-type-background), .elementor-7178 .elementor-element.elementor-element-ec302f6 > .elementor-motion-effects-container > .elementor-motion-effects-layer{background-image:url(\"https:\/\/parkinsonnolimits.com\/wp-content\/uploads\/2025\/12\/parkinson-viaje.jpg\");background-position:center center;background-size:cover;}.elementor-7178 .elementor-element.elementor-element-ec302f6::before, .elementor-7178 .elementor-element.elementor-element-ec302f6 > .elementor-background-video-container::before, .elementor-7178 .elementor-element.elementor-element-ec302f6 > .e-con-inner > .elementor-background-video-container::before, .elementor-7178 .elementor-element.elementor-element-ec302f6 > .elementor-background-slideshow::before, .elementor-7178 .elementor-element.elementor-element-ec302f6 > .e-con-inner > .elementor-background-slideshow::before, .elementor-7178 .elementor-element.elementor-element-ec302f6 > .elementor-motion-effects-container > .elementor-motion-effects-layer::before{--background-overlay:'';background-color:var( --e-global-color-primary );}.elementor-7178 .elementor-element.elementor-element-27bd847{--display:flex;--margin-top:0px;--margin-bottom:0px;--margin-left:0px;--margin-right:0px;}.elementor-7178 .elementor-element.elementor-element-f946726{text-align:center;}.elementor-7178 .elementor-element.elementor-element-f946726 .elementor-heading-title{font-family:var( --e-global-typography-fe688ec-font-family ), Sans-serif;font-size:var( --e-global-typography-fe688ec-font-size );font-weight:var( --e-global-typography-fe688ec-font-weight );text-transform:var( --e-global-typography-fe688ec-text-transform );line-height:var( --e-global-typography-fe688ec-line-height );letter-spacing:var( --e-global-typography-fe688ec-letter-spacing );word-spacing:var( --e-global-typography-fe688ec-word-spacing );color:var( --e-global-color-accent );}.elementor-7178 .elementor-element.elementor-element-13163b9{text-align:center;margin:0px 0px calc(var(--kit-widget-spacing, 0px) + 0px) 0px;}.elementor-7178 .elementor-element.elementor-element-13163b9 .elementor-heading-title{font-family:\"Reem Kufi\", Sans-serif;font-size:80px;font-weight:800;text-transform:uppercase;line-height:1.2em;color:var( --e-global-color-secondary );}.elementor-7178 .elementor-element.elementor-element-ab0b127{--display:flex;--flex-direction:row;--container-widget-width:initial;--container-widget-height:100%;--container-widget-flex-grow:1;--container-widget-align-self:stretch;--flex-wrap-mobile:wrap;--gap:0px 0px;--row-gap:0px;--column-gap:0px;--padding-top:90px;--padding-bottom:120px;--padding-left:0px;--padding-right:0px;}.elementor-7178 .elementor-element.elementor-element-2eb630c{--display:flex;--flex-direction:column;--container-widget-width:100%;--container-widget-height:initial;--container-widget-flex-grow:0;--container-widget-align-self:initial;--flex-wrap-mobile:wrap;}.elementor-7178 .elementor-element.elementor-element-ad5e8d9{--display:flex;--flex-direction:column;--container-widget-width:100%;--container-widget-height:initial;--container-widget-flex-grow:0;--container-widget-align-self:initial;--flex-wrap-mobile:wrap;--justify-content:center;--padding-top:0px;--padding-bottom:0px;--padding-left:45px;--padding-right:0px;}.elementor-7178 .elementor-element.elementor-element-de69ce0{text-align:start;}.elementor-7178 .elementor-element.elementor-element-de69ce0 .elementor-heading-title{font-family:var( --e-global-typography-fe688ec-font-family ), Sans-serif;font-size:var( --e-global-typography-fe688ec-font-size );font-weight:var( --e-global-typography-fe688ec-font-weight );text-transform:var( --e-global-typography-fe688ec-text-transform );line-height:var( --e-global-typography-fe688ec-line-height );letter-spacing:var( --e-global-typography-fe688ec-letter-spacing );word-spacing:var( --e-global-typography-fe688ec-word-spacing );color:var( --e-global-color-accent );}.elementor-7178 .elementor-element.elementor-element-a9c14cd{text-align:start;margin:0px 50px calc(var(--kit-widget-spacing, 0px) + 0px) 0px;}.elementor-7178 .elementor-element.elementor-element-a9c14cd .elementor-heading-title{font-family:var( --e-global-typography-primary-font-family ), Sans-serif;font-size:var( --e-global-typography-primary-font-size );font-weight:var( --e-global-typography-primary-font-weight );text-transform:var( --e-global-typography-primary-text-transform );line-height:var( --e-global-typography-primary-line-height );letter-spacing:var( --e-global-typography-primary-letter-spacing );}.elementor-7178 .elementor-element.elementor-element-4d1c162{color:#727272;margin:0px 50px calc(var(--kit-widget-spacing, 0px) + 0px) 0px;}:root{--page-title-display:none;}@media(max-width:1024px){.elementor-7178 .elementor-element.elementor-element-ec302f6{--padding-top:200px;--padding-bottom:0px;--padding-left:0px;--padding-right:0px;}.elementor-7178 .elementor-element.elementor-element-27bd847{--margin-top:0px;--margin-bottom:0px;--margin-left:20px;--margin-right:20px;}.elementor-7178 .elementor-element.elementor-element-f946726 .elementor-heading-title{font-size:var( --e-global-typography-fe688ec-font-size );line-height:var( --e-global-typography-fe688ec-line-height );letter-spacing:var( --e-global-typography-fe688ec-letter-spacing );word-spacing:var( --e-global-typography-fe688ec-word-spacing );}.elementor-7178 .elementor-element.elementor-element-13163b9 .elementor-heading-title{font-size:30px;}.elementor-7178 .elementor-element.elementor-element-13163b9{margin:0px 0px calc(var(--kit-widget-spacing, 0px) + 0px) 0px;}.elementor-7178 .elementor-element.elementor-element-de69ce0 .elementor-heading-title{font-size:var( --e-global-typography-fe688ec-font-size );line-height:var( --e-global-typography-fe688ec-line-height );letter-spacing:var( --e-global-typography-fe688ec-letter-spacing );word-spacing:var( --e-global-typography-fe688ec-word-spacing );}.elementor-7178 .elementor-element.elementor-element-a9c14cd .elementor-heading-title{font-size:var( --e-global-typography-primary-font-size );line-height:var( --e-global-typography-primary-line-height );letter-spacing:var( --e-global-typography-primary-letter-spacing );}.elementor-7178 .elementor-element.elementor-element-a9c14cd{margin:0px 0px calc(var(--kit-widget-spacing, 0px) + 0px) 0px;}.elementor-7178 .elementor-element.elementor-element-4d1c162{margin:0px 50px calc(var(--kit-widget-spacing, 0px) + 0px) 0px;}}@media(max-width:767px){.elementor-7178 .elementor-element.elementor-element-ec302f6{--padding-top:200px;--padding-bottom:0px;--padding-left:0px;--padding-right:0px;}.elementor-7178 .elementor-element.elementor-element-27bd847{--margin-top:0px;--margin-bottom:0px;--margin-left:20px;--margin-right:20px;}.elementor-7178 .elementor-element.elementor-element-f946726 .elementor-heading-title{font-size:var( --e-global-typography-fe688ec-font-size );line-height:var( --e-global-typography-fe688ec-line-height );letter-spacing:var( --e-global-typography-fe688ec-letter-spacing );word-spacing:var( --e-global-typography-fe688ec-word-spacing );}.elementor-7178 .elementor-element.elementor-element-13163b9{margin:0px 0px calc(var(--kit-widget-spacing, 0px) + 50px) 0px;}.elementor-7178 .elementor-element.elementor-element-ad5e8d9{--padding-top:20px;--padding-bottom:0px;--padding-left:20px;--padding-right:20px;}.elementor-7178 .elementor-element.elementor-element-de69ce0 .elementor-heading-title{font-size:var( --e-global-typography-fe688ec-font-size );line-height:var( --e-global-typography-fe688ec-line-height );letter-spacing:var( --e-global-typography-fe688ec-letter-spacing );word-spacing:var( --e-global-typography-fe688ec-word-spacing );}.elementor-7178 .elementor-element.elementor-element-a9c14cd .elementor-heading-title{font-size:var( --e-global-typography-primary-font-size );line-height:var( --e-global-typography-primary-line-height );letter-spacing:var( --e-global-typography-primary-letter-spacing );}.elementor-7178 .elementor-element.elementor-element-4d1c162{text-align:start;margin:0px 0px calc(var(--kit-widget-spacing, 0px) + 30px) 0px;}}@media(min-width:768px){.elementor-7178 .elementor-element.elementor-element-ec302f6{--content-width:1200px;}.elementor-7178 .elementor-element.elementor-element-2eb630c{--width:50%;}.elementor-7178 .elementor-element.elementor-element-ad5e8d9{--width:50%;}}@media(max-width:1024px) and (min-width:768px){.elementor-7178 .elementor-element.elementor-element-27bd847{--width:100%;}}<\/style>\t\t<div data-elementor-type=\"wp-page\" data-elementor-id=\"7178\" class=\"elementor elementor-7178 elementor-5285\">\n\t\t\t\t<div class=\"elementor-element elementor-element-ec302f6 e-flex e-con-boxed e-con e-parent\" data-id=\"ec302f6\" data-element_type=\"container\" data-e-type=\"container\" data-settings=\"{&quot;background_background&quot;:&quot;classic&quot;}\">\n\t\t\t\t\t<div class=\"e-con-inner\">\n\t\t<div class=\"elementor-element elementor-element-27bd847 e-con-full e-flex elementor-invisible e-con e-child\" data-id=\"27bd847\" data-element_type=\"container\" data-e-type=\"container\" data-settings=\"{&quot;animation&quot;:&quot;fadeIn&quot;}\">\n\t\t\t\t<div class=\"elementor-element elementor-element-f946726 elementor-invisible elementor-widget elementor-widget-heading\" data-id=\"f946726\" data-element_type=\"widget\" data-e-type=\"widget\" data-settings=\"{&quot;_animation&quot;:&quot;fadeIn&quot;}\" data-widget_type=\"heading.default\">\n\t\t\t\t\t<h2 class=\"elementor-heading-title elementor-size-default\">Fisioterapista<\/h2>\t\t\t\t<\/div>\n\t\t\t\t<div class=\"elementor-element elementor-element-13163b9 elementor-invisible elementor-widget elementor-widget-heading\" data-id=\"13163b9\" data-element_type=\"widget\" data-e-type=\"widget\" data-settings=\"{&quot;_animation&quot;:&quot;fadeIn&quot;,&quot;_animation_delay&quot;:200}\" data-widget_type=\"heading.default\">\n\t\t\t\t\t<h1 class=\"elementor-heading-title elementor-size-default\">Emma Greene<\/h1>\t\t\t\t<\/div>\n\t\t\t\t<\/div>\n\t\t\t\t\t<\/div>\n\t\t\t\t<\/div>\n\t\t<div class=\"elementor-element elementor-element-ab0b127 e-flex e-con-boxed e-con e-parent\" data-id=\"ab0b127\" data-element_type=\"container\" data-e-type=\"container\">\n\t\t\t\t\t<div class=\"e-con-inner\">\n\t\t<div class=\"elementor-element elementor-element-2eb630c e-con-full e-flex e-con e-child\" data-id=\"2eb630c\" data-element_type=\"container\" data-e-type=\"container\">\n\t\t\t\t<div class=\"elementor-element elementor-element-497a539 elementor-widget elementor-widget-image\" data-id=\"497a539\" data-element_type=\"widget\" data-e-type=\"widget\" data-widget_type=\"image.default\">\n\t\t\t\t\t\t\t\t\t\t\t\t\t\t\t<img fetchpriority=\"high\" decoding=\"async\" width=\"600\" height=\"800\" src=\"https:\/\/parkinsonnolimits.com\/wp-content\/uploads\/2025\/12\/emma-greene.jpg\" class=\"attachment-large size-large wp-image-6752\" alt=\"\" srcset=\"https:\/\/parkinsonnolimits.com\/wp-content\/uploads\/2025\/12\/emma-greene.jpg 600w, https:\/\/parkinsonnolimits.com\/wp-content\/uploads\/2025\/12\/emma-greene-225x300.jpg 225w\" sizes=\"(max-width: 600px) 100vw, 600px\" \/>\t\t\t\t\t\t\t\t\t\t\t\t\t\t\t<\/div>\n\t\t\t\t<\/div>\n\t\t<div class=\"elementor-element elementor-element-ad5e8d9 e-con-full e-flex e-con e-child\" data-id=\"ad5e8d9\" data-element_type=\"container\" data-e-type=\"container\">\n\t\t\t\t<div class=\"elementor-element elementor-element-de69ce0 elementor-invisible elementor-widget elementor-widget-heading\" data-id=\"de69ce0\" data-element_type=\"widget\" data-e-type=\"widget\" data-settings=\"{&quot;_animation&quot;:&quot;fadeIn&quot;}\" data-widget_type=\"heading.default\">\n\t\t\t\t\t<h2 class=\"elementor-heading-title elementor-size-default\">Parkinson<\/h2>\t\t\t\t<\/div>\n\t\t\t\t<div class=\"elementor-element elementor-element-a9c14cd elementor-invisible elementor-widget elementor-widget-heading\" data-id=\"a9c14cd\" data-element_type=\"widget\" data-e-type=\"widget\" data-settings=\"{&quot;_animation&quot;:&quot;fadeIn&quot;,&quot;_animation_delay&quot;:200}\" data-widget_type=\"heading.default\">\n\t\t\t\t\t<h2 class=\"elementor-heading-title elementor-size-default\">Fisioterapista specializzato<\/h2>\t\t\t\t<\/div>\n\t\t\t\t<div class=\"elementor-element elementor-element-4d1c162 elementor-widget elementor-widget-text-editor\" data-id=\"4d1c162\" data-element_type=\"widget\" data-e-type=\"widget\" data-widget_type=\"text-editor.default\">\n\t\t\t\t\t\t\t\t\t<p>Emma ha conseguito una laurea in fisioterapia per aiutare le persone affette dal morbo di Parkinson, dopo che a suo nonno era stata diagnosticata la malattia in giovane et\u00e0. Si \u00e8 laureata all&#8217;Universit\u00e0 di Brighton nel 2015. La sua tesi si \u00e8 concentrata sugli effetti dell&#8217;esercizio fisico sulle persone con disturbi neurologici. Da allora, ha lavorato ininterrottamente con persone affette da Parkinson, sia in ambito ospedaliero per i casi pi\u00f9 gravi, sia in studi privati \u200b\u200be servizi di assistenza domiciliare.<\/p><p>Emma ha lavorato come fisioterapista presso il Beaumont Hospital di Dublino, il centro nazionale irlandese per la neurologia e la neurochirurgia, maturando una vasta esperienza nell&#8217;assistenza respiratoria avanzata e nella riabilitazione dei pazienti nel reparto di terapia intensiva neurologica dell&#8217;ospedale.<\/p>\t\t\t\t\t\t\t\t<\/div>\n\t\t\t\t<\/div>\n\t\t\t\t\t<\/div>\n\t\t\t\t<\/div>\n\t\t\t\t<\/div>\n\t\t","protected":false},"excerpt":{"rendered":"<p>Fisioterapista Emma Greene Parkinson Fisioterapista specializzato Emma ha conseguito una laurea in fisioterapia per aiutare le persone affette dal morbo di Parkinson, dopo che a suo nonno era stata diagnosticata la malattia in giovane et\u00e0. Si \u00e8 laureata all&#8217;Universit\u00e0 di Brighton nel 2015. La sua tesi si \u00e8 concentrata sugli effetti dell&#8217;esercizio fisico sulle persone [&hellip;]<\/p>\n","protected":false},"author":1,"featured_media":0,"parent":6741,"menu_order":0,"comment_status":"closed","ping_status":"closed","template":"","meta":{"footnotes":""},"class_list":["post-7178","page","type-page","status-publish","hentry"],"_hostinger_reach_plugin_has_subscription_block":false,"_hostinger_reach_plugin_is_elementor":false,"_links":{"self":[{"href":"https:\/\/parkinsonnolimits.com\/it\/wp-json\/wp\/v2\/pages\/7178","targetHints":{"allow":["GET"]}}],"collection":[{"href":"https:\/\/parkinsonnolimits.com\/it\/wp-json\/wp\/v2\/pages"}],"about":[{"href":"https:\/\/parkinsonnolimits.com\/it\/wp-json\/wp\/v2\/types\/page"}],"author":[{"embeddable":true,"href":"https:\/\/parkinsonnolimits.com\/it\/wp-json\/wp\/v2\/users\/1"}],"replies":[{"embeddable":true,"href":"https:\/\/parkinsonnolimits.com\/it\/wp-json\/wp\/v2\/comments?post=7178"}],"version-history":[{"count":4,"href":"https:\/\/parkinsonnolimits.com\/it\/wp-json\/wp\/v2\/pages\/7178\/revisions"}],"predecessor-version":[{"id":7182,"href":"https:\/\/parkinsonnolimits.com\/it\/wp-json\/wp\/v2\/pages\/7178\/revisions\/7182"}],"up":[{"embeddable":true,"href":"https:\/\/parkinsonnolimits.com\/it\/wp-json\/wp\/v2\/pages\/6741"}],"wp:attachment":[{"href":"https:\/\/parkinsonnolimits.com\/it\/wp-json\/wp\/v2\/media?parent=7178"}],"curies":[{"name":"wp","href":"https:\/\/api.w.org\/{rel}","templated":true}]}}