{"id":7168,"date":"2025-12-18T09:45:47","date_gmt":"2025-12-18T09:45:47","guid":{"rendered":"https:\/\/parkinsonnolimits.com\/squadra-professionale\/edoardo-de-angelis\/"},"modified":"2026-04-13T06:38:01","modified_gmt":"2026-04-13T06:38:01","slug":"edoardo-de-angelis","status":"publish","type":"page","link":"https:\/\/parkinsonnolimits.com\/it\/squadra-professionale\/edoardo-de-angelis\/","title":{"rendered":"Edoardo De Angelis"},"content":{"rendered":"<style>.elementor-7168 .elementor-element.elementor-element-77590b6{--display:flex;--flex-direction:row;--container-widget-width:calc( ( 1 - var( --container-widget-flex-grow ) ) * 100% );--container-widget-height:100%;--container-widget-flex-grow:1;--container-widget-align-self:stretch;--flex-wrap-mobile:wrap;--align-items:stretch;--gap:10px 10px;--row-gap:10px;--column-gap:10px;--overlay-opacity:0.3;--padding-top:280px;--padding-bottom:100px;--padding-left:0px;--padding-right:0px;}.elementor-7168 .elementor-element.elementor-element-77590b6:not(.elementor-motion-effects-element-type-background), .elementor-7168 .elementor-element.elementor-element-77590b6 > .elementor-motion-effects-container > .elementor-motion-effects-layer{background-image:url(\"https:\/\/parkinsonnolimits.com\/wp-content\/uploads\/2025\/12\/parkinson-viaje.jpg\");background-position:center center;background-size:cover;}.elementor-7168 .elementor-element.elementor-element-77590b6::before, .elementor-7168 .elementor-element.elementor-element-77590b6 > .elementor-background-video-container::before, .elementor-7168 .elementor-element.elementor-element-77590b6 > .e-con-inner > .elementor-background-video-container::before, .elementor-7168 .elementor-element.elementor-element-77590b6 > .elementor-background-slideshow::before, .elementor-7168 .elementor-element.elementor-element-77590b6 > .e-con-inner > .elementor-background-slideshow::before, .elementor-7168 .elementor-element.elementor-element-77590b6 > .elementor-motion-effects-container > .elementor-motion-effects-layer::before{--background-overlay:'';background-color:var( --e-global-color-primary );}.elementor-7168 .elementor-element.elementor-element-de3169d{--display:flex;--margin-top:0px;--margin-bottom:0px;--margin-left:0px;--margin-right:0px;}.elementor-7168 .elementor-element.elementor-element-6697b79{text-align:center;}.elementor-7168 .elementor-element.elementor-element-6697b79 .elementor-heading-title{font-family:var( --e-global-typography-fe688ec-font-family ), Sans-serif;font-size:var( --e-global-typography-fe688ec-font-size );font-weight:var( --e-global-typography-fe688ec-font-weight );text-transform:var( --e-global-typography-fe688ec-text-transform );line-height:var( --e-global-typography-fe688ec-line-height );letter-spacing:var( --e-global-typography-fe688ec-letter-spacing );word-spacing:var( --e-global-typography-fe688ec-word-spacing );color:var( --e-global-color-accent );}.elementor-7168 .elementor-element.elementor-element-fd10de8{text-align:center;margin:0px 0px calc(var(--kit-widget-spacing, 0px) + 0px) 0px;}.elementor-7168 .elementor-element.elementor-element-fd10de8 .elementor-heading-title{font-family:\"Reem Kufi\", Sans-serif;font-size:80px;font-weight:800;text-transform:uppercase;line-height:1.2em;color:var( --e-global-color-secondary );}.elementor-7168 .elementor-element.elementor-element-cd32078{--display:flex;--flex-direction:row;--container-widget-width:initial;--container-widget-height:100%;--container-widget-flex-grow:1;--container-widget-align-self:stretch;--flex-wrap-mobile:wrap;--gap:0px 0px;--row-gap:0px;--column-gap:0px;--padding-top:90px;--padding-bottom:120px;--padding-left:0px;--padding-right:0px;}.elementor-7168 .elementor-element.elementor-element-febcb6b{--display:flex;--flex-direction:column;--container-widget-width:100%;--container-widget-height:initial;--container-widget-flex-grow:0;--container-widget-align-self:initial;--flex-wrap-mobile:wrap;}.elementor-7168 .elementor-element.elementor-element-c37d5fc{--display:flex;--flex-direction:column;--container-widget-width:100%;--container-widget-height:initial;--container-widget-flex-grow:0;--container-widget-align-self:initial;--flex-wrap-mobile:wrap;--justify-content:center;--padding-top:0px;--padding-bottom:0px;--padding-left:45px;--padding-right:0px;}.elementor-7168 .elementor-element.elementor-element-c4dca8f{text-align:start;}.elementor-7168 .elementor-element.elementor-element-c4dca8f .elementor-heading-title{font-family:var( --e-global-typography-fe688ec-font-family ), Sans-serif;font-size:var( --e-global-typography-fe688ec-font-size );font-weight:var( --e-global-typography-fe688ec-font-weight );text-transform:var( --e-global-typography-fe688ec-text-transform );line-height:var( --e-global-typography-fe688ec-line-height );letter-spacing:var( --e-global-typography-fe688ec-letter-spacing );word-spacing:var( --e-global-typography-fe688ec-word-spacing );color:var( --e-global-color-accent );}.elementor-7168 .elementor-element.elementor-element-7d2fba0{text-align:start;margin:0px 50px calc(var(--kit-widget-spacing, 0px) + 0px) 0px;}.elementor-7168 .elementor-element.elementor-element-7d2fba0 .elementor-heading-title{font-family:var( --e-global-typography-primary-font-family ), Sans-serif;font-size:var( --e-global-typography-primary-font-size );font-weight:var( --e-global-typography-primary-font-weight );text-transform:var( --e-global-typography-primary-text-transform );line-height:var( --e-global-typography-primary-line-height );letter-spacing:var( --e-global-typography-primary-letter-spacing );}.elementor-7168 .elementor-element.elementor-element-7292ea8{color:#727272;margin:0px 50px calc(var(--kit-widget-spacing, 0px) + 0px) 0px;}.elementor-7168 .elementor-element.elementor-element-a58b733{--display:flex;--flex-direction:row;--container-widget-width:calc( ( 1 - var( --container-widget-flex-grow ) ) * 100% );--container-widget-height:100%;--container-widget-flex-grow:1;--container-widget-align-self:stretch;--flex-wrap-mobile:wrap;--align-items:stretch;--gap:10px 10px;--row-gap:10px;--column-gap:10px;--padding-top:100px;--padding-bottom:100px;--padding-left:0px;--padding-right:0px;}.elementor-7168 .elementor-element.elementor-element-a58b733:not(.elementor-motion-effects-element-type-background), .elementor-7168 .elementor-element.elementor-element-a58b733 > .elementor-motion-effects-container > .elementor-motion-effects-layer{background-color:#FBFBFB;}.elementor-7168 .elementor-element.elementor-element-751f3b9{--display:flex;--margin-top:70px;--margin-bottom:70px;--margin-left:0px;--margin-right:100px;}.elementor-7168 .elementor-element.elementor-element-7a09bd5{text-align:start;font-size:20px;font-weight:600;font-style:italic;color:#727272;margin:0px 0px calc(var(--kit-widget-spacing, 0px) + 0px) 0px;}.elementor-7168 .elementor-element.elementor-element-8427311{text-align:start;color:#727272;margin:0px 0px calc(var(--kit-widget-spacing, 0px) + 0px) 0px;}:root{--page-title-display:none;}@media(max-width:1024px){.elementor-7168 .elementor-element.elementor-element-77590b6{--padding-top:200px;--padding-bottom:0px;--padding-left:0px;--padding-right:0px;}.elementor-7168 .elementor-element.elementor-element-de3169d{--margin-top:0px;--margin-bottom:0px;--margin-left:20px;--margin-right:20px;}.elementor-7168 .elementor-element.elementor-element-6697b79 .elementor-heading-title{font-size:var( --e-global-typography-fe688ec-font-size );line-height:var( --e-global-typography-fe688ec-line-height );letter-spacing:var( --e-global-typography-fe688ec-letter-spacing );word-spacing:var( --e-global-typography-fe688ec-word-spacing );}.elementor-7168 .elementor-element.elementor-element-fd10de8 .elementor-heading-title{font-size:30px;}.elementor-7168 .elementor-element.elementor-element-fd10de8{margin:0px 0px calc(var(--kit-widget-spacing, 0px) + 0px) 0px;}.elementor-7168 .elementor-element.elementor-element-c4dca8f .elementor-heading-title{font-size:var( --e-global-typography-fe688ec-font-size );line-height:var( --e-global-typography-fe688ec-line-height );letter-spacing:var( --e-global-typography-fe688ec-letter-spacing );word-spacing:var( --e-global-typography-fe688ec-word-spacing );}.elementor-7168 .elementor-element.elementor-element-7d2fba0 .elementor-heading-title{font-size:var( --e-global-typography-primary-font-size );line-height:var( --e-global-typography-primary-line-height );letter-spacing:var( --e-global-typography-primary-letter-spacing );}.elementor-7168 .elementor-element.elementor-element-7d2fba0{margin:0px 0px calc(var(--kit-widget-spacing, 0px) + 0px) 0px;}.elementor-7168 .elementor-element.elementor-element-7292ea8{margin:0px 50px calc(var(--kit-widget-spacing, 0px) + 0px) 0px;}.elementor-7168 .elementor-element.elementor-element-751f3b9{--margin-top:50px;--margin-bottom:50px;--margin-left:0px;--margin-right:0px;--padding-top:0px;--padding-bottom:0px;--padding-left:30px;--padding-right:50px;}.elementor-7168 .elementor-element.elementor-element-7a09bd5{margin:0px 0px calc(var(--kit-widget-spacing, 0px) + 0px) 0px;}.elementor-7168 .elementor-element.elementor-element-8427311{margin:0px 0px calc(var(--kit-widget-spacing, 0px) + 0px) 0px;}}@media(max-width:767px){.elementor-7168 .elementor-element.elementor-element-77590b6{--padding-top:200px;--padding-bottom:0px;--padding-left:0px;--padding-right:0px;}.elementor-7168 .elementor-element.elementor-element-de3169d{--margin-top:0px;--margin-bottom:0px;--margin-left:20px;--margin-right:20px;}.elementor-7168 .elementor-element.elementor-element-6697b79 .elementor-heading-title{font-size:var( --e-global-typography-fe688ec-font-size );line-height:var( --e-global-typography-fe688ec-line-height );letter-spacing:var( --e-global-typography-fe688ec-letter-spacing );word-spacing:var( --e-global-typography-fe688ec-word-spacing );}.elementor-7168 .elementor-element.elementor-element-fd10de8{margin:0px 0px calc(var(--kit-widget-spacing, 0px) + 50px) 0px;}.elementor-7168 .elementor-element.elementor-element-c37d5fc{--padding-top:20px;--padding-bottom:0px;--padding-left:20px;--padding-right:20px;}.elementor-7168 .elementor-element.elementor-element-c4dca8f .elementor-heading-title{font-size:var( --e-global-typography-fe688ec-font-size );line-height:var( --e-global-typography-fe688ec-line-height );letter-spacing:var( --e-global-typography-fe688ec-letter-spacing );word-spacing:var( --e-global-typography-fe688ec-word-spacing );}.elementor-7168 .elementor-element.elementor-element-7d2fba0 .elementor-heading-title{font-size:var( --e-global-typography-primary-font-size );line-height:var( --e-global-typography-primary-line-height );letter-spacing:var( --e-global-typography-primary-letter-spacing );}.elementor-7168 .elementor-element.elementor-element-7292ea8{text-align:start;margin:0px 0px calc(var(--kit-widget-spacing, 0px) + 30px) 0px;}.elementor-7168 .elementor-element.elementor-element-a58b733{--padding-top:0px;--padding-bottom:0px;--padding-left:0px;--padding-right:0px;}.elementor-7168 .elementor-element.elementor-element-751f3b9{--margin-top:0px;--margin-bottom:0px;--margin-left:0px;--margin-right:0px;--padding-top:70px;--padding-bottom:70px;--padding-left:30px;--padding-right:30px;}.elementor-7168 .elementor-element.elementor-element-7a09bd5{text-align:start;margin:0px 0px calc(var(--kit-widget-spacing, 0px) + 30px) 0px;}.elementor-7168 .elementor-element.elementor-element-8427311{text-align:start;margin:0px 0px calc(var(--kit-widget-spacing, 0px) + 30px) 0px;}}@media(min-width:768px){.elementor-7168 .elementor-element.elementor-element-77590b6{--content-width:1200px;}.elementor-7168 .elementor-element.elementor-element-febcb6b{--width:50%;}.elementor-7168 .elementor-element.elementor-element-c37d5fc{--width:50%;}}@media(max-width:1024px) and (min-width:768px){.elementor-7168 .elementor-element.elementor-element-de3169d{--width:100%;}}<\/style>\t\t<div data-elementor-type=\"wp-page\" data-elementor-id=\"7168\" class=\"elementor elementor-7168 elementor-5269\">\n\t\t\t\t<div class=\"elementor-element elementor-element-77590b6 e-flex e-con-boxed e-con e-parent\" data-id=\"77590b6\" data-element_type=\"container\" data-e-type=\"container\" data-settings=\"{&quot;background_background&quot;:&quot;classic&quot;}\">\n\t\t\t\t\t<div class=\"e-con-inner\">\n\t\t<div class=\"elementor-element elementor-element-de3169d e-con-full e-flex elementor-invisible e-con e-child\" data-id=\"de3169d\" data-element_type=\"container\" data-e-type=\"container\" data-settings=\"{&quot;animation&quot;:&quot;fadeIn&quot;}\">\n\t\t\t\t<div class=\"elementor-element elementor-element-6697b79 elementor-invisible elementor-widget elementor-widget-heading\" data-id=\"6697b79\" data-element_type=\"widget\" data-e-type=\"widget\" data-settings=\"{&quot;_animation&quot;:&quot;fadeIn&quot;}\" data-widget_type=\"heading.default\">\n\t\t\t\t\t<h2 class=\"elementor-heading-title elementor-size-default\">sURF<\/h2>\t\t\t\t<\/div>\n\t\t\t\t<div class=\"elementor-element elementor-element-fd10de8 elementor-invisible elementor-widget elementor-widget-heading\" data-id=\"fd10de8\" data-element_type=\"widget\" data-e-type=\"widget\" data-settings=\"{&quot;_animation&quot;:&quot;fadeIn&quot;,&quot;_animation_delay&quot;:200}\" data-widget_type=\"heading.default\">\n\t\t\t\t\t<h1 class=\"elementor-heading-title elementor-size-default\">eDOARDO de aNGELIS<\/h1>\t\t\t\t<\/div>\n\t\t\t\t<\/div>\n\t\t\t\t\t<\/div>\n\t\t\t\t<\/div>\n\t\t<div class=\"elementor-element elementor-element-cd32078 e-flex e-con-boxed e-con e-parent\" data-id=\"cd32078\" data-element_type=\"container\" data-e-type=\"container\">\n\t\t\t\t\t<div class=\"e-con-inner\">\n\t\t<div class=\"elementor-element elementor-element-febcb6b e-con-full e-flex e-con e-child\" data-id=\"febcb6b\" data-element_type=\"container\" data-e-type=\"container\">\n\t\t\t\t<div class=\"elementor-element elementor-element-d9dac7d elementor-widget elementor-widget-image\" data-id=\"d9dac7d\" data-element_type=\"widget\" data-e-type=\"widget\" data-widget_type=\"image.default\">\n\t\t\t\t\t\t\t\t\t\t\t\t\t\t\t<img fetchpriority=\"high\" decoding=\"async\" width=\"600\" height=\"800\" src=\"https:\/\/parkinsonnolimits.com\/wp-content\/uploads\/2025\/12\/edoardo-de-angelis.jpg\" class=\"attachment-large size-large wp-image-6748\" alt=\"\" srcset=\"https:\/\/parkinsonnolimits.com\/wp-content\/uploads\/2025\/12\/edoardo-de-angelis.jpg 600w, https:\/\/parkinsonnolimits.com\/wp-content\/uploads\/2025\/12\/edoardo-de-angelis-225x300.jpg 225w\" sizes=\"(max-width: 600px) 100vw, 600px\" \/>\t\t\t\t\t\t\t\t\t\t\t\t\t\t\t<\/div>\n\t\t\t\t<\/div>\n\t\t<div class=\"elementor-element elementor-element-c37d5fc e-con-full e-flex e-con e-child\" data-id=\"c37d5fc\" data-element_type=\"container\" data-e-type=\"container\">\n\t\t\t\t<div class=\"elementor-element elementor-element-c4dca8f elementor-invisible elementor-widget elementor-widget-heading\" data-id=\"c4dca8f\" data-element_type=\"widget\" data-e-type=\"widget\" data-settings=\"{&quot;_animation&quot;:&quot;fadeIn&quot;}\" data-widget_type=\"heading.default\">\n\t\t\t\t\t<h2 class=\"elementor-heading-title elementor-size-default\">Fuerteventura<\/h2>\t\t\t\t<\/div>\n\t\t\t\t<div class=\"elementor-element elementor-element-7d2fba0 elementor-invisible elementor-widget elementor-widget-heading\" data-id=\"7d2fba0\" data-element_type=\"widget\" data-e-type=\"widget\" data-settings=\"{&quot;_animation&quot;:&quot;fadeIn&quot;,&quot;_animation_delay&quot;:200}\" data-widget_type=\"heading.default\">\n\t\t\t\t\t<h2 class=\"elementor-heading-title elementor-size-default\">Istruttore di surf adattivo<\/h2>\t\t\t\t<\/div>\n\t\t\t\t<div class=\"elementor-element elementor-element-7292ea8 elementor-widget elementor-widget-text-editor\" data-id=\"7292ea8\" data-element_type=\"widget\" data-e-type=\"widget\" data-widget_type=\"text-editor.default\">\n\t\t\t\t\t\t\t\t\t<p>Edoardo De Angelis porta a Parkinson No Limits un&#8217;esperienza unica che unisce la gestione di progetti internazionali, l&#8217;intervento umanitario in contesti critici e una profonda competenza negli sport acquatici adattati.<\/p><p>Dopo anni dedicati a organizzazioni come Medici Senza Frontiere, dove ha ricoperto ruoli di leadership in Siria, Sud Sudan e Sudafrica, ha sviluppato una rara capacit\u00e0 di coordinare team, elaborare strategie operative e trovare soluzioni efficaci anche nelle situazioni pi\u00f9 complesse.<\/p><p>Parallelamente alla sua carriera nel settore umanitario, Edoardo ha coltivato una forte passione per gli sport acquatici e le attivit\u00e0 all&#8217;aria aperta. A Fuerteventura, ha guidato programmi educativi e ambientali per scuole di surf, sviluppando protocolli specificamente pensati per persone con malattia di Parkinson e altre esigenze particolari. La sua esperienza come istruttore di surf e surf adattato certificato ISA lo rende una figura di spicco nell&#8217;integrazione di attivit\u00e0 fisica, inclusione e benessere.<\/p>\t\t\t\t\t\t\t\t<\/div>\n\t\t\t\t<\/div>\n\t\t\t\t\t<\/div>\n\t\t\t\t<\/div>\n\t\t<div class=\"elementor-element elementor-element-a58b733 e-flex e-con-boxed e-con e-parent\" data-id=\"a58b733\" data-element_type=\"container\" data-e-type=\"container\" data-settings=\"{&quot;background_background&quot;:&quot;classic&quot;}\">\n\t\t\t\t\t<div class=\"e-con-inner\">\n\t\t<div class=\"elementor-element elementor-element-751f3b9 e-con-full e-flex elementor-invisible e-con e-child\" data-id=\"751f3b9\" data-element_type=\"container\" data-e-type=\"container\" data-settings=\"{&quot;animation&quot;:&quot;fadeIn&quot;}\">\n\t\t\t\t<div class=\"elementor-element elementor-element-7a09bd5 elementor-widget elementor-widget-text-editor\" data-id=\"7a09bd5\" data-element_type=\"widget\" data-e-type=\"widget\" data-widget_type=\"text-editor.default\">\n\t\t\t\t\t\t\t\t\tAll&#8217;interno di Fuerte Vida Parkinson No Limits, coordina progetti, supervisiona le attivit\u00e0 sportive con gli utenti, mantiene i rapporti con i partner scientifici e istituzionali e contribuisce allo sviluppo delle strategie dell&#8217;associazione. Unisce visione strategica, sensibilit\u00e0 umana e un approccio pratico, focalizzato sul miglioramento concreto della qualit\u00e0 della vita delle persone.\t\t\t\t\t\t\t\t<\/div>\n\t\t\t\t<div class=\"elementor-element elementor-element-8427311 elementor-widget elementor-widget-text-editor\" data-id=\"8427311\" data-element_type=\"widget\" data-e-type=\"widget\" data-widget_type=\"text-editor.default\">\n\t\t\t\t\t\t\t\t\t<p><strong>Formazione:<\/strong> Laurea magistrale in Contabilit\u00e0, Gestione Finanziaria e Controllo presso l&#8217;Universit\u00e0 Bocconi; Laurea triennale in Economia presso l&#8217;Universit\u00e0 Luiss Guido Carli.<\/p><p><strong>Lingue:<\/strong> Italiano (madrelingua), Inglese (C1), Spagnolo (B2).<\/p>\t\t\t\t\t\t\t\t<\/div>\n\t\t\t\t<\/div>\n\t\t\t\t\t<\/div>\n\t\t\t\t<\/div>\n\t\t\t\t<\/div>\n\t\t","protected":false},"excerpt":{"rendered":"<p>sURF eDOARDO de aNGELIS Fuerteventura Istruttore di surf adattivo Edoardo De Angelis porta a Parkinson No Limits un&#8217;esperienza unica che unisce la gestione di progetti internazionali, l&#8217;intervento umanitario in contesti critici e una profonda competenza negli sport acquatici adattati. Dopo anni dedicati a organizzazioni come Medici Senza Frontiere, dove ha ricoperto ruoli di leadership in [&hellip;]<\/p>\n","protected":false},"author":1,"featured_media":0,"parent":6741,"menu_order":0,"comment_status":"closed","ping_status":"closed","template":"","meta":{"footnotes":""},"class_list":["post-7168","page","type-page","status-publish","hentry"],"_hostinger_reach_plugin_has_subscription_block":false,"_hostinger_reach_plugin_is_elementor":false,"_links":{"self":[{"href":"https:\/\/parkinsonnolimits.com\/it\/wp-json\/wp\/v2\/pages\/7168","targetHints":{"allow":["GET"]}}],"collection":[{"href":"https:\/\/parkinsonnolimits.com\/it\/wp-json\/wp\/v2\/pages"}],"about":[{"href":"https:\/\/parkinsonnolimits.com\/it\/wp-json\/wp\/v2\/types\/page"}],"author":[{"embeddable":true,"href":"https:\/\/parkinsonnolimits.com\/it\/wp-json\/wp\/v2\/users\/1"}],"replies":[{"embeddable":true,"href":"https:\/\/parkinsonnolimits.com\/it\/wp-json\/wp\/v2\/comments?post=7168"}],"version-history":[{"count":4,"href":"https:\/\/parkinsonnolimits.com\/it\/wp-json\/wp\/v2\/pages\/7168\/revisions"}],"predecessor-version":[{"id":7172,"href":"https:\/\/parkinsonnolimits.com\/it\/wp-json\/wp\/v2\/pages\/7168\/revisions\/7172"}],"up":[{"embeddable":true,"href":"https:\/\/parkinsonnolimits.com\/it\/wp-json\/wp\/v2\/pages\/6741"}],"wp:attachment":[{"href":"https:\/\/parkinsonnolimits.com\/it\/wp-json\/wp\/v2\/media?parent=7168"}],"curies":[{"name":"wp","href":"https:\/\/api.w.org\/{rel}","templated":true}]}}