{"id":6787,"date":"2025-12-17T12:44:19","date_gmt":"2025-12-17T12:44:19","guid":{"rendered":"https:\/\/parkinsonnolimits.com\/politica-de-cookies\/"},"modified":"2026-04-10T11:42:03","modified_gmt":"2026-04-10T11:42:03","slug":"politica-sui-cookie","status":"publish","type":"page","link":"https:\/\/parkinsonnolimits.com\/it\/politica-sui-cookie\/","title":{"rendered":"Politica sui cookie"},"content":{"rendered":"<style>.elementor-6787 .elementor-element.elementor-element-2b4faa8{--display:flex;--flex-direction:row;--container-widget-width:calc( ( 1 - var( --container-widget-flex-grow ) ) * 100% );--container-widget-height:100%;--container-widget-flex-grow:1;--container-widget-align-self:stretch;--flex-wrap-mobile:wrap;--align-items:stretch;--gap:10px 10px;--row-gap:10px;--column-gap:10px;--overlay-opacity:0.3;--padding-top:280px;--padding-bottom:100px;--padding-left:0px;--padding-right:0px;}.elementor-6787 .elementor-element.elementor-element-2b4faa8:not(.elementor-motion-effects-element-type-background), .elementor-6787 .elementor-element.elementor-element-2b4faa8 > .elementor-motion-effects-container > .elementor-motion-effects-layer{background-image:url(\"https:\/\/parkinsonnolimits.com\/wp-content\/uploads\/2025\/12\/mar-fuerteventura.jpg\");background-position:center center;background-size:cover;}.elementor-6787 .elementor-element.elementor-element-2b4faa8::before, .elementor-6787 .elementor-element.elementor-element-2b4faa8 > .elementor-background-video-container::before, .elementor-6787 .elementor-element.elementor-element-2b4faa8 > .e-con-inner > .elementor-background-video-container::before, .elementor-6787 .elementor-element.elementor-element-2b4faa8 > .elementor-background-slideshow::before, .elementor-6787 .elementor-element.elementor-element-2b4faa8 > .e-con-inner > .elementor-background-slideshow::before, .elementor-6787 .elementor-element.elementor-element-2b4faa8 > .elementor-motion-effects-container > .elementor-motion-effects-layer::before{--background-overlay:'';background-color:var( --e-global-color-primary );}.elementor-6787 .elementor-element.elementor-element-c684404{--display:flex;--margin-top:0px;--margin-bottom:0px;--margin-left:0px;--margin-right:0px;}.elementor-6787 .elementor-element.elementor-element-f67c303{text-align:center;}.elementor-6787 .elementor-element.elementor-element-f67c303 .elementor-heading-title{font-family:var( --e-global-typography-fe688ec-font-family ), Sans-serif;font-size:var( --e-global-typography-fe688ec-font-size );font-weight:var( --e-global-typography-fe688ec-font-weight );text-transform:var( --e-global-typography-fe688ec-text-transform );line-height:var( --e-global-typography-fe688ec-line-height );letter-spacing:var( --e-global-typography-fe688ec-letter-spacing );word-spacing:var( --e-global-typography-fe688ec-word-spacing );color:var( --e-global-color-accent );}.elementor-6787 .elementor-element.elementor-element-f7a2558{text-align:center;margin:0px 0px calc(var(--kit-widget-spacing, 0px) + 0px) 0px;}.elementor-6787 .elementor-element.elementor-element-f7a2558 .elementor-heading-title{font-family:\"Reem Kufi\", Sans-serif;font-size:80px;font-weight:800;text-transform:uppercase;line-height:1.2em;color:var( --e-global-color-secondary );}.elementor-6787 .elementor-element.elementor-element-eaff434{--display:flex;--flex-direction:column;--container-widget-width:100%;--container-widget-height:initial;--container-widget-flex-grow:0;--container-widget-align-self:initial;--flex-wrap-mobile:wrap;--padding-top:100px;--padding-bottom:100px;--padding-left:0px;--padding-right:0px;}:root{--page-title-display:none;}@media(max-width:1024px){.elementor-6787 .elementor-element.elementor-element-2b4faa8{--padding-top:200px;--padding-bottom:0px;--padding-left:0px;--padding-right:0px;}.elementor-6787 .elementor-element.elementor-element-c684404{--margin-top:0px;--margin-bottom:0px;--margin-left:20px;--margin-right:20px;}.elementor-6787 .elementor-element.elementor-element-f67c303 .elementor-heading-title{font-size:var( --e-global-typography-fe688ec-font-size );line-height:var( --e-global-typography-fe688ec-line-height );letter-spacing:var( --e-global-typography-fe688ec-letter-spacing );word-spacing:var( --e-global-typography-fe688ec-word-spacing );}.elementor-6787 .elementor-element.elementor-element-f7a2558 .elementor-heading-title{font-size:30px;}.elementor-6787 .elementor-element.elementor-element-f7a2558{margin:0px 0px calc(var(--kit-widget-spacing, 0px) + 0px) 0px;}.elementor-6787 .elementor-element.elementor-element-eaff434{--padding-top:100px;--padding-bottom:100px;--padding-left:20px;--padding-right:20px;}}@media(max-width:767px){.elementor-6787 .elementor-element.elementor-element-2b4faa8{--padding-top:200px;--padding-bottom:0px;--padding-left:0px;--padding-right:0px;}.elementor-6787 .elementor-element.elementor-element-c684404{--margin-top:0px;--margin-bottom:0px;--margin-left:20px;--margin-right:20px;}.elementor-6787 .elementor-element.elementor-element-f67c303 .elementor-heading-title{font-size:var( --e-global-typography-fe688ec-font-size );line-height:var( --e-global-typography-fe688ec-line-height );letter-spacing:var( --e-global-typography-fe688ec-letter-spacing );word-spacing:var( --e-global-typography-fe688ec-word-spacing );}.elementor-6787 .elementor-element.elementor-element-f7a2558{margin:0px 0px calc(var(--kit-widget-spacing, 0px) + 50px) 0px;}}@media(min-width:768px){.elementor-6787 .elementor-element.elementor-element-2b4faa8{--content-width:1200px;}}@media(max-width:1024px) and (min-width:768px){.elementor-6787 .elementor-element.elementor-element-c684404{--width:100%;}}<\/style>\t\t<div data-elementor-type=\"wp-page\" data-elementor-id=\"6787\" class=\"elementor elementor-6787 elementor-5163\">\n\t\t\t\t<div class=\"elementor-element elementor-element-2b4faa8 e-flex e-con-boxed e-con e-parent\" data-id=\"2b4faa8\" data-element_type=\"container\" data-e-type=\"container\" data-settings=\"{&quot;background_background&quot;:&quot;classic&quot;}\">\n\t\t\t\t\t<div class=\"e-con-inner\">\n\t\t<div class=\"elementor-element elementor-element-c684404 e-con-full e-flex elementor-invisible e-con e-child\" data-id=\"c684404\" data-element_type=\"container\" data-e-type=\"container\" data-settings=\"{&quot;animation&quot;:&quot;fadeIn&quot;}\">\n\t\t\t\t<div class=\"elementor-element elementor-element-f67c303 elementor-invisible elementor-widget elementor-widget-heading\" data-id=\"f67c303\" data-element_type=\"widget\" data-e-type=\"widget\" data-settings=\"{&quot;_animation&quot;:&quot;fadeIn&quot;}\" data-widget_type=\"heading.default\">\n\t\t\t\t\t<h2 class=\"elementor-heading-title elementor-size-default\">Parkinson No Limits<\/h2>\t\t\t\t<\/div>\n\t\t\t\t<div class=\"elementor-element elementor-element-f7a2558 elementor-invisible elementor-widget elementor-widget-heading\" data-id=\"f7a2558\" data-element_type=\"widget\" data-e-type=\"widget\" data-settings=\"{&quot;_animation&quot;:&quot;fadeIn&quot;,&quot;_animation_delay&quot;:200}\" data-widget_type=\"heading.default\">\n\t\t\t\t\t<h1 class=\"elementor-heading-title elementor-size-default\">Politica sui cookie<\/h1>\t\t\t\t<\/div>\n\t\t\t\t<\/div>\n\t\t\t\t\t<\/div>\n\t\t\t\t<\/div>\n\t\t<div class=\"elementor-element elementor-element-eaff434 e-flex e-con-boxed e-con e-parent\" data-id=\"eaff434\" data-element_type=\"container\" data-e-type=\"container\">\n\t\t\t\t\t<div class=\"e-con-inner\">\n\t\t\t\t<div class=\"elementor-element elementor-element-6e3eac6 elementor-widget elementor-widget-text-editor\" data-id=\"6e3eac6\" data-element_type=\"widget\" data-e-type=\"widget\" data-widget_type=\"text-editor.default\">\n\t\t\t\t\t\t\t\t\t<p>La presente Politica sui Cookie \u00e8 parte integrante dell\u2019Avviso Legale e della Politica sulla Privacy di ASOCIACION FUERTE ES LA VIDA PARKINSON NO LIMITS. L\u2019accesso e la navigazione nel sito, o l\u2019utilizzo dei suoi servizi, implicano l\u2019accettazione delle Condizioni Generali stabilite nel nostro Avviso Legale (e quindi della Politica sulla Privacy e della Politica sui Cookie). Si prega di leggerle attentamente.<\/p>\n\n<p>La ringraziamo per aver deciso di visitarci. Vogliamo che la sua esperienza sul sito sia la migliore possibile e, per questo motivo, abbiamo redatto questa Politica sui Cookie nel modo pi\u00f9 trasparente possibile.<\/p>\n\n<h2>Che cos\u2019\u00e8 un Cookie?<\/h2>\n<p>I cookie sono file che contengono piccole quantit\u00e0 di informazioni che vengono scaricate sul dispositivo dell\u2019utente quando visita un sito web. Il loro scopo principale \u00e8 riconoscere l\u2019utente ogni volta che accede a ASOCIACION FUERTE ES LA VIDA PARKINSON NO LIMITS e, inoltre, ci permettono di migliorare la qualit\u00e0 e l\u2019usabilit\u00e0 del nostro sito.<\/p>\n\n<p>I cookie sono essenziali per il funzionamento di Internet; non possono danneggiare il dispositivo dell\u2019utente e, se attivati nelle impostazioni del browser, ci aiutano a identificare e risolvere eventuali errori di funzionamento di https:\/\/parkinsonnolimits.com.<\/p>\n\n<h3>Tipi di Cookie<\/h3>\n<p>Esistono diversi tipi di cookie. Tutti funzionano nello stesso modo, ma presentano piccole differenze:<\/p>\n\n<p style=\"padding-left: 40px;\">a) <em><strong>Cookie di sessione.<\/strong><\/em> I cookie di sessione durano solo per la durata della visita e vengono eliminati quando si chiude il browser. Il loro scopo principale \u00e8 identificare il tipo di dispositivo, supportare la sicurezza del sito web o la sua funzionalit\u00e0 di base. Non contengono informazioni personali che permettano di identificare una persona.<\/p>\n\n<p style=\"padding-left: 40px;\">b) <em><strong>Cookie persistenti o permanenti:<\/strong><\/em> vengono memorizzati sul disco rigido del dispositivo e il sito li legge ogni volta che si effettua una nuova visita a https:\/\/parkinsonnolimits.com; hanno una data di scadenza, oltre la quale cessano di funzionare. Consentono di identificare azioni e preferenze, analizzare le visite e comprendere come gli utenti arrivano al sito, migliorando cos\u00ec i servizi offerti.<\/p>\n\n<p style=\"padding-left: 40px;\">c) <em><strong>Cookie di funzionalit\u00e0:<\/strong><\/em> permettono a https:\/\/parkinsonnolimits.com di ricordare decisioni prese dall\u2019utente, come login o identificativo.<br \/>Le informazioni raccolte da questi cookie sono anonimizzate (non contengono nome, indirizzo o altri dati personali).<\/p>\n\n<p style=\"padding-left: 40px;\">d) <em><strong>Cookie di terze parti.<\/strong><\/em> Sono cookie installati da un sito web diverso da quello che si sta visitando; ad esempio, quelli utilizzati dai social network (come Facebook) o da contenuti esterni (come Google Maps). Inoltre, alcune aziende pubblicitarie utilizzano questi file per monitorare le visite degli utenti nei siti in cui si pubblicizzano.<\/p>\n\n<p style=\"padding-left: 40px;\">e) <em><strong>Cookie analitici:<\/strong><\/em> sono cookie finalizzati al mantenimento periodico e al corretto funzionamento del sito, raccogliendo dati sull\u2019attivit\u00e0 dell\u2019utente.<\/p>\n\n<p><strong>Uso dei cookie da parte di<\/strong> https:\/\/parkinsonnolimits.com.<\/p>\n<p>Accedendo a https:\/\/parkinsonnolimits.com, accetta espressamente l\u2019uso di questi cookie sul proprio dispositivo. Se disattiva i cookie, la navigazione potrebbe non essere ottimale e alcune funzionalit\u00e0 del sito potrebbero non funzionare correttamente.<\/p>\n\n<h4>a) Cookie propri<\/h4>\n<p>Al fine di riconoscerla e offrirle un servizio migliore, il nostro sito utilizza cookie propri (piccoli file di testo memorizzati dal browser). I vantaggi dell\u2019accettazione dei cookie si traducono in un risparmio di tempo. Possono inoltre essere utilizzati per riconoscerla tra visite successive, adattare i contenuti mostrati, ottenere informazioni su data e ora dell\u2019ultima visita, misurare parametri di traffico e stimare il numero di visite per migliorare i servizi e le promozioni.<\/p>\n\n<p>Nessun cookie consente di contattarla tramite telefono, email o altri mezzi. Nessun cookie pu\u00f2 estrarre informazioni dal suo dispositivo o rubare dati personali.<\/p>\n\n<h4>b) Cookie di terze parti. Cookie di Google Analytics<\/h4>\n<p>Il sito utilizza Google Analytics, servizio fornito da Google, Inc., con sede in 1600 Amphitheatre Parkway, Mountain View (California), CA 94043, Stati Uniti (\u201cGoogle\u201d).<\/p>\n\n<p>Google Analytics utilizza cookie per analizzare l\u2019utilizzo del sito da parte degli utenti. Le informazioni generate (incluso l\u2019indirizzo IP) vengono trasmesse e archiviate da Google sui propri server negli Stati Uniti. Google utilizza queste informazioni per monitorare l\u2019utilizzo del sito, generare report e fornire altri servizi relativi all\u2019attivit\u00e0 del sito e all\u2019uso di Internet. Google pu\u00f2 trasferire queste informazioni a terzi se richiesto dalla legge o se tali terzi trattano i dati per conto di Google. Google non assocer\u00e0 l\u2019indirizzo IP ad altri dati in suo possesso.<\/p>\n\n<p>\u00c8 possibile rifiutare il trattamento dei dati rifiutando l\u2019uso dei cookie tramite le impostazioni del browser. Tuttavia, ci\u00f2 potrebbe limitare alcune funzionalit\u00e0 del sito. Utilizzando questo sito, si acconsente al trattamento dei dati da parte di Google nei modi e per le finalit\u00e0 sopra indicate.<\/p>\n\n<h2>Configurazione per evitare i cookie<\/h2>\n<p>Da <em><strong>https:\/\/parkinsonnolimits.com<\/strong><\/em>, in conformit\u00e0 alla normativa vigente, forniamo le informazioni necessarie per configurare il browser e tutelare la privacy e la sicurezza in relazione ai cookie.<\/p>\n\n<p>\u00c8 possibile bloccare i cookie tramite le impostazioni del browser o configurarlo per ricevere una notifica quando un server tenta di salvare un cookie:<\/p>\n\n<p style=\"padding-left: 40px;\">a) <em><strong>Internet Explorer:<\/strong><\/em> Strumenti &gt; Opzioni Internet &gt; Privacy &gt; Impostazioni.<br \/>http:\/\/windows.microsoft.com<\/p>\n\n<p style=\"padding-left: 40px;\">b) <em><strong>Firefox:<\/strong><\/em> Strumenti &gt; Opzioni &gt; Privacy &gt; Cookie.<br \/>http:\/\/support.mozilla.org<\/p>\n\n<p style=\"padding-left: 40px;\">c) <em><strong>Chrome:<\/strong><\/em> Impostazioni &gt; Avanzate &gt; Privacy.<br \/>http:\/\/support.google.com\/chrome<\/p>\n\n<p style=\"padding-left: 40px;\">d) <em><strong>Opera:<\/strong><\/em> Sicurezza e Privacy.<br \/>http:\/\/www.opera.com<\/p>\t\t\t\t\t\t\t\t<\/div>\n\t\t\t\t\t<\/div>\n\t\t\t\t<\/div>\n\t\t\t\t<\/div>\n\t\t","protected":false},"excerpt":{"rendered":"<p>Parkinson No Limits Politica sui cookie La presente Politica sui Cookie \u00e8 parte integrante dell\u2019Avviso Legale e della Politica sulla Privacy di ASOCIACION FUERTE ES LA VIDA PARKINSON NO LIMITS. L\u2019accesso e la navigazione nel sito, o l\u2019utilizzo dei suoi servizi, implicano l\u2019accettazione delle Condizioni Generali stabilite nel nostro Avviso Legale (e quindi della Politica [&hellip;]<\/p>\n","protected":false},"author":1,"featured_media":0,"parent":0,"menu_order":0,"comment_status":"closed","ping_status":"closed","template":"","meta":{"footnotes":""},"class_list":["post-6787","page","type-page","status-publish","hentry"],"_hostinger_reach_plugin_has_subscription_block":false,"_hostinger_reach_plugin_is_elementor":false,"_links":{"self":[{"href":"https:\/\/parkinsonnolimits.com\/it\/wp-json\/wp\/v2\/pages\/6787","targetHints":{"allow":["GET"]}}],"collection":[{"href":"https:\/\/parkinsonnolimits.com\/it\/wp-json\/wp\/v2\/pages"}],"about":[{"href":"https:\/\/parkinsonnolimits.com\/it\/wp-json\/wp\/v2\/types\/page"}],"author":[{"embeddable":true,"href":"https:\/\/parkinsonnolimits.com\/it\/wp-json\/wp\/v2\/users\/1"}],"replies":[{"embeddable":true,"href":"https:\/\/parkinsonnolimits.com\/it\/wp-json\/wp\/v2\/comments?post=6787"}],"version-history":[{"count":4,"href":"https:\/\/parkinsonnolimits.com\/it\/wp-json\/wp\/v2\/pages\/6787\/revisions"}],"predecessor-version":[{"id":6792,"href":"https:\/\/parkinsonnolimits.com\/it\/wp-json\/wp\/v2\/pages\/6787\/revisions\/6792"}],"wp:attachment":[{"href":"https:\/\/parkinsonnolimits.com\/it\/wp-json\/wp\/v2\/media?parent=6787"}],"curies":[{"name":"wp","href":"https:\/\/api.w.org\/{rel}","templated":true}]}}