{"id":6760,"date":"2025-12-17T10:00:50","date_gmt":"2025-12-17T10:00:50","guid":{"rendered":"https:\/\/parkinsonnolimits.com\/fuerteventura\/"},"modified":"2026-04-09T09:18:27","modified_gmt":"2026-04-09T09:18:27","slug":"fuerteventura","status":"publish","type":"page","link":"https:\/\/parkinsonnolimits.com\/it\/fuerteventura\/","title":{"rendered":"Fuerteventura"},"content":{"rendered":"\t\t<div data-elementor-type=\"wp-page\" data-elementor-id=\"6760\" class=\"elementor elementor-6760 elementor-5083\">\n\t\t\t\t<div class=\"elementor-element elementor-element-2c0d577 e-flex e-con-boxed e-con e-parent\" data-id=\"2c0d577\" data-element_type=\"container\" data-e-type=\"container\" data-settings=\"{&quot;background_background&quot;:&quot;classic&quot;}\">\n\t\t\t\t\t<div class=\"e-con-inner\">\n\t\t<div class=\"elementor-element elementor-element-202fe8a e-con-full e-flex elementor-invisible e-con e-child\" data-id=\"202fe8a\" data-element_type=\"container\" data-e-type=\"container\" data-settings=\"{&quot;animation&quot;:&quot;fadeIn&quot;}\">\n\t\t\t\t<div class=\"elementor-element elementor-element-5552f2b elementor-invisible elementor-widget elementor-widget-heading\" data-id=\"5552f2b\" data-element_type=\"widget\" data-e-type=\"widget\" data-settings=\"{&quot;_animation&quot;:&quot;fadeIn&quot;}\" data-widget_type=\"heading.default\">\n\t\t\t\t\t<h2 class=\"elementor-heading-title elementor-size-default\">Personalizzato per il morbo di Parkinson<\/h2>\t\t\t\t<\/div>\n\t\t\t\t<div class=\"elementor-element elementor-element-20a7caa elementor-invisible elementor-widget elementor-widget-heading\" data-id=\"20a7caa\" data-element_type=\"widget\" data-e-type=\"widget\" data-settings=\"{&quot;_animation&quot;:&quot;fadeIn&quot;,&quot;_animation_delay&quot;:200}\" data-widget_type=\"heading.default\">\n\t\t\t\t\t<h1 class=\"elementor-heading-title elementor-size-default\">Fuerteventura<\/h1>\t\t\t\t<\/div>\n\t\t\t\t<div class=\"elementor-element elementor-element-88950cd elementor-widget__width-initial elementor-widget elementor-widget-text-editor\" data-id=\"88950cd\" data-element_type=\"widget\" data-e-type=\"widget\" data-widget_type=\"text-editor.default\">\n\t\t\t\t\t\t\t\t\t<p><strong>Perch\u00e9 abbiamo scelto quest\u2019isola per il nostro progetto dedicato alle persone con<\/strong><br>\n<strong>Parkinson e ai loro familiari<\/strong><\/p>\n\n<p>Fuerteventura \u00e8 un luogo meraviglioso, il cui clima, la luce, la natura e lo stile di vita creano condizioni particolarmente favorevoli per chi convive con il Parkinson.<\/p>\n\n<p>La nostra Associazione \u00e8 nata qui perch\u00e9 quest\u2019isola permette qualcosa che in altri luoghi \u00e8 difficile trovare e sviluppare: la continuit\u00e0 delle attivit\u00e0 all\u2019aria aperta, una migliore qualit\u00e0 della vita e un ambiente che favorisce naturalmente il benessere, il movimento, la serenit\u00e0, la socializzazione, l\u2019inclusione e una maggiore autonomia.<\/p>\t\t\t\t\t\t\t\t<\/div>\n\t\t\t\t<\/div>\n\t\t\t\t\t<\/div>\n\t\t\t\t<\/div>\n\t\t<div class=\"elementor-element elementor-element-ddcbf70 e-flex e-con-boxed e-con e-parent\" data-id=\"ddcbf70\" data-element_type=\"container\" data-e-type=\"container\" data-settings=\"{&quot;background_background&quot;:&quot;classic&quot;}\">\n\t\t\t\t\t<div class=\"e-con-inner\">\n\t\t<div class=\"elementor-element elementor-element-b4b46a3 e-con-full animated-slow e-flex elementor-invisible e-con e-child\" data-id=\"b4b46a3\" data-element_type=\"container\" data-e-type=\"container\" data-settings=\"{&quot;background_background&quot;:&quot;classic&quot;,&quot;animation&quot;:&quot;fadeInRight&quot;}\">\n\t\t\t\t<div class=\"elementor-element elementor-element-0c8df6c elementor-widget elementor-widget-elementskit-heading\" data-id=\"0c8df6c\" data-element_type=\"widget\" data-e-type=\"widget\" data-widget_type=\"elementskit-heading.default\">\n\t\t\t\t\t<div class=\"ekit-wid-con\" ><div class=\"ekit-heading elementskit-section-title-wraper text_left   ekit_heading_tablet-   ekit_heading_mobile- ekit-heading__title-in-left\">\t\t\t\t<div class='ekit-heading__title-wrapper'>\n\t\t\t<h2 class=\"ekit-heading--title elementskit-section-title \">Un clima stabile che favorisce il movimento<\/h2>\t\t\t\t<\/div>\n\t\t\t\t<div class='ekit-heading__content-wrapper'>\n\t\t\t\t\t\t\t<\/div>\n\t\t\t<\/div><\/div>\t\t\t\t<\/div>\n\t\t\t\t<div class=\"elementor-element elementor-element-56f078d elementor-widget elementor-widget-text-editor\" data-id=\"56f078d\" data-element_type=\"widget\" data-e-type=\"widget\" data-widget_type=\"text-editor.default\">\n\t\t\t\t\t\t\t\t\t<p>L\u2019isola gode di temperature miti durante tutto l\u2019anno, senza sbalzi termici, senza freddo intenso e senza umidit\u00e0 eccessiva. Questo permette di svolgere attivit\u00e0 all\u2019aria aperta durante tutti i 12 mesi dell\u2019anno, senza limitazioni.<\/p>\n\n<p>Per molte persone con Parkinson, queste condizioni facilitano trascorrere pi\u00f9 tempo fuori casa, favoriscono il movimento, permettono di mantenere un\u2019attivit\u00e0 fisica costante e aiutano a ridurre la rigidit\u00e0, che spesso si intensifica con il freddo o l\u2019umidit\u00e0.<\/p>\t\t\t\t\t\t\t\t<\/div>\n\t\t\t\t<\/div>\n\t\t\t\t\t<\/div>\n\t\t\t\t<\/div>\n\t\t<div class=\"elementor-element elementor-element-6d6f2d7 e-flex e-con-boxed e-con e-parent\" data-id=\"6d6f2d7\" data-element_type=\"container\" data-e-type=\"container\" data-settings=\"{&quot;background_background&quot;:&quot;classic&quot;}\">\n\t\t\t\t\t<div class=\"e-con-inner\">\n\t\t<div class=\"elementor-element elementor-element-4229339 e-con-full animated-slow e-flex elementor-invisible e-con e-child\" data-id=\"4229339\" data-element_type=\"container\" data-e-type=\"container\" data-settings=\"{&quot;background_background&quot;:&quot;classic&quot;,&quot;animation&quot;:&quot;fadeInRight&quot;}\">\n\t\t\t\t<div class=\"elementor-element elementor-element-e6b9ed2 elementor-widget elementor-widget-elementskit-heading\" data-id=\"e6b9ed2\" data-element_type=\"widget\" data-e-type=\"widget\" data-widget_type=\"elementskit-heading.default\">\n\t\t\t\t\t<div class=\"ekit-wid-con\" ><div class=\"ekit-heading elementskit-section-title-wraper text_left   ekit_heading_tablet-   ekit_heading_mobile- ekit-heading__title-in-left\">\t\t\t\t<div class='ekit-heading__title-wrapper'>\n\t\t\t<h2 class=\"ekit-heading--title elementskit-section-title \">La luce: energia per il corpo e per l\u2019umore<\/h2>\t\t\t\t<\/div>\n\t\t\t\t<div class='ekit-heading__content-wrapper'>\n\t\t\t\t\t\t\t<\/div>\n\t\t\t<\/div><\/div>\t\t\t\t<\/div>\n\t\t\t\t<div class=\"elementor-element elementor-element-947fa7d elementor-widget elementor-widget-text-editor\" data-id=\"947fa7d\" data-element_type=\"widget\" data-e-type=\"widget\" data-widget_type=\"text-editor.default\">\n\t\t\t\t\t\t\t\t\t<p>Fuerteventura offre un\u2019elevata quantit\u00e0 di ore di luce naturale.<\/p>\n\n<p>Questo apporta benefici significativi e scientificamente dimostrati sull\u2019umore, sulla qualit\u00e0 del sonno e sui ritmi biologici. La luce solare favorisce uno stile di vita pi\u00f9 attivo, aiuta a contrastare l\u2019apatia e la depressione e contribuisce all\u2019equilibrio ormonale che sostiene la salute psicofisica. Elementi essenziali per chiunque, e ancora pi\u00f9 importanti per le persone con Parkinson.<\/p>\t\t\t\t\t\t\t\t<\/div>\n\t\t\t\t<\/div>\n\t\t\t\t\t<\/div>\n\t\t\t\t<\/div>\n\t\t<div class=\"elementor-element elementor-element-17faf4f e-flex e-con-boxed e-con e-parent\" data-id=\"17faf4f\" data-element_type=\"container\" data-e-type=\"container\" data-settings=\"{&quot;background_background&quot;:&quot;classic&quot;}\">\n\t\t\t\t\t<div class=\"e-con-inner\">\n\t\t<div class=\"elementor-element elementor-element-739450b e-con-full animated-slow e-flex elementor-invisible e-con e-child\" data-id=\"739450b\" data-element_type=\"container\" data-e-type=\"container\" data-settings=\"{&quot;background_background&quot;:&quot;classic&quot;,&quot;animation&quot;:&quot;fadeInRight&quot;}\">\n\t\t\t\t<div class=\"elementor-element elementor-element-3d9b14b elementor-widget elementor-widget-elementskit-heading\" data-id=\"3d9b14b\" data-element_type=\"widget\" data-e-type=\"widget\" data-widget_type=\"elementskit-heading.default\">\n\t\t\t\t\t<div class=\"ekit-wid-con\" ><div class=\"ekit-heading elementskit-section-title-wraper text_left   ekit_heading_tablet-   ekit_heading_mobile- ekit-heading__title-in-left\">\t\t\t\t<div class='ekit-heading__title-wrapper'>\n\t\t\t<h2 class=\"ekit-heading--title elementskit-section-title \">Spazi aperti e tranquilli, ideali per attivit\u00e0 all\u2019aria aperta<\/h2>\t\t\t\t<\/div>\n\t\t\t\t<div class='ekit-heading__content-wrapper'>\n\t\t\t\t\t\t\t<\/div>\n\t\t\t<\/div><\/div>\t\t\t\t<\/div>\n\t\t\t\t<div class=\"elementor-element elementor-element-adf782e elementor-widget elementor-widget-text-editor\" data-id=\"adf782e\" data-element_type=\"widget\" data-e-type=\"widget\" data-widget_type=\"text-editor.default\">\n\t\t\t\t\t\t\t\t\t<p>L\u2019isola \u00e8 poco urbanizzata, il che offre ampi paesaggi e ambienti naturali unici (Fuerteventura \u00e8 stata dichiarata Riserva della Biosfera dall\u2019UNESCO), luoghi poco affollati, assenza di traffico e bassi livelli di inquinamento.<\/p>\n\n<p>Queste caratteristiche sono fondamentali. Le attivit\u00e0 terapeutiche e di benessere funzionano meglio in un ambiente naturale e tranquillo, dove la persona pu\u00f2 concentrarsi su s\u00e9 stessa, sui propri movimenti, sull\u2019equilibrio, sulla respirazione e sulla consapevolezza corporea ed emotiva.<\/p>\t\t\t\t\t\t\t\t<\/div>\n\t\t\t\t<\/div>\n\t\t\t\t\t<\/div>\n\t\t\t\t<\/div>\n\t\t<div class=\"elementor-element elementor-element-6b6f447 e-flex e-con-boxed e-con e-parent\" data-id=\"6b6f447\" data-element_type=\"container\" data-e-type=\"container\" data-settings=\"{&quot;background_background&quot;:&quot;classic&quot;}\">\n\t\t\t\t\t<div class=\"e-con-inner\">\n\t\t<div class=\"elementor-element elementor-element-29ec14e e-con-full animated-slow e-flex elementor-invisible e-con e-child\" data-id=\"29ec14e\" data-element_type=\"container\" data-e-type=\"container\" data-settings=\"{&quot;background_background&quot;:&quot;classic&quot;,&quot;animation&quot;:&quot;fadeInRight&quot;}\">\n\t\t\t\t<div class=\"elementor-element elementor-element-75f9424 elementor-widget elementor-widget-elementskit-heading\" data-id=\"75f9424\" data-element_type=\"widget\" data-e-type=\"widget\" data-widget_type=\"elementskit-heading.default\">\n\t\t\t\t\t<div class=\"ekit-wid-con\" ><div class=\"ekit-heading elementskit-section-title-wraper text_left   ekit_heading_tablet-   ekit_heading_mobile- ekit-heading__title-in-left\">\t\t\t\t<div class='ekit-heading__title-wrapper'>\n\t\t\t<h2 class=\"ekit-heading--title elementskit-section-title \">Il mare come alleato per l\u2019esercizio psicofisico e la salute<\/h2>\t\t\t\t<\/div>\n\t\t\t\t<div class='ekit-heading__content-wrapper'>\n\t\t\t\t\t\t\t<\/div>\n\t\t\t<\/div><\/div>\t\t\t\t<\/div>\n\t\t\t\t<div class=\"elementor-element elementor-element-a69632e elementor-widget elementor-widget-text-editor\" data-id=\"a69632e\" data-element_type=\"widget\" data-e-type=\"widget\" data-widget_type=\"text-editor.default\">\n\t\t\t\t\t\t\t\t\t<p>Le spiagge e le acque dell\u2019Oceano Atlantico rappresentano un ambiente ideale per programmi terapeutici e di benessere.<\/p>\n\n<p>L\u2019acqua dell\u2019Oceano Atlantico offre benefici per la salute fisica, mentale e psicologica, come dimostrano diversi studi e ricerche scientifiche.<\/p>\t\t\t\t\t\t\t\t<\/div>\n\t\t\t\t<\/div>\n\t\t\t\t\t<\/div>\n\t\t\t\t<\/div>\n\t\t<div class=\"elementor-element elementor-element-45fb8df e-flex e-con-boxed e-con e-parent\" data-id=\"45fb8df\" data-element_type=\"container\" data-e-type=\"container\" data-settings=\"{&quot;background_background&quot;:&quot;classic&quot;}\">\n\t\t\t\t\t<div class=\"e-con-inner\">\n\t\t<div class=\"elementor-element elementor-element-f5a7071 e-con-full animated-slow e-flex elementor-invisible e-con e-child\" data-id=\"f5a7071\" data-element_type=\"container\" data-e-type=\"container\" data-settings=\"{&quot;background_background&quot;:&quot;classic&quot;,&quot;animation&quot;:&quot;fadeInRight&quot;}\">\n\t\t\t\t<div class=\"elementor-element elementor-element-881a431 elementor-widget elementor-widget-elementskit-heading\" data-id=\"881a431\" data-element_type=\"widget\" data-e-type=\"widget\" data-widget_type=\"elementskit-heading.default\">\n\t\t\t\t\t<div class=\"ekit-wid-con\" ><div class=\"ekit-heading elementskit-section-title-wraper text_left   ekit_heading_tablet-   ekit_heading_mobile- ekit-heading__title-in-left\">\t\t\t\t<div class='ekit-heading__title-wrapper'>\n\t\t\t<h2 class=\"ekit-heading--title elementskit-section-title \">Una natura semplice che invita a rallentare<\/h2>\t\t\t\t<\/div>\n\t\t\t\t<div class='ekit-heading__content-wrapper'>\n\t\t\t\t\t\t\t<\/div>\n\t\t\t<\/div><\/div>\t\t\t\t<\/div>\n\t\t\t\t<div class=\"elementor-element elementor-element-a3a5343 elementor-widget elementor-widget-text-editor\" data-id=\"a3a5343\" data-element_type=\"widget\" data-e-type=\"widget\" data-widget_type=\"text-editor.default\">\n\t\t\t\t\t\t\t\t\t<p>Fuerteventura \u00e8 essenziale.<\/p>\n\n<p>Ha una bellezza che non distrae, non sovraccarica e non stressa. Questo ritmo lento ha un valore concreto: vivere senza fretta aiuta la persona con Parkinson e i suoi familiari a concentrarsi su uno stile di vita pi\u00f9 equilibrato, basato su un\u2019attivit\u00e0 fisica regolare, il contatto con l\u2019ambiente e momenti di calma mentale.<\/p>\t\t\t\t\t\t\t\t<\/div>\n\t\t\t\t<\/div>\n\t\t\t\t\t<\/div>\n\t\t\t\t<\/div>\n\t\t<div class=\"elementor-element elementor-element-5d0aa69 e-flex e-con-boxed e-con e-parent\" data-id=\"5d0aa69\" data-element_type=\"container\" data-e-type=\"container\" data-settings=\"{&quot;background_background&quot;:&quot;classic&quot;}\">\n\t\t\t\t\t<div class=\"e-con-inner\">\n\t\t<div class=\"elementor-element elementor-element-8e4f5d6 e-con-full animated-slow e-flex elementor-invisible e-con e-child\" data-id=\"8e4f5d6\" data-element_type=\"container\" data-e-type=\"container\" data-settings=\"{&quot;background_background&quot;:&quot;classic&quot;,&quot;animation&quot;:&quot;fadeInRight&quot;}\">\n\t\t\t\t<div class=\"elementor-element elementor-element-4db61b4 elementor-widget elementor-widget-elementskit-heading\" data-id=\"4db61b4\" data-element_type=\"widget\" data-e-type=\"widget\" data-widget_type=\"elementskit-heading.default\">\n\t\t\t\t\t<div class=\"ekit-wid-con\" ><div class=\"ekit-heading elementskit-section-title-wraper text_left   ekit_heading_tablet-   ekit_heading_mobile- ekit-heading__title-in-left\">\t\t\t\t<div class='ekit-heading__title-wrapper'>\n\t\t\t<h2 class=\"ekit-heading--title elementskit-section-title \">Una isla accesible<\/h2>\t\t\t\t<\/div>\n\t\t\t\t<div class='ekit-heading__content-wrapper'>\n\t\t\t\t\t\t\t<\/div>\n\t\t\t<\/div><\/div>\t\t\t\t<\/div>\n\t\t\t\t<div class=\"elementor-element elementor-element-9c521d4 elementor-widget elementor-widget-text-editor\" data-id=\"9c521d4\" data-element_type=\"widget\" data-e-type=\"widget\" data-widget_type=\"text-editor.default\">\n\t\t\t\t\t\t\t\t\t<p>Fuerteventura \u00e8 una destinazione sempre pi\u00f9 accessibile per le persone con difficolt\u00e0 di mobilit\u00e0.<\/p>\n\n<p>La nostra presenza pluriennale sul territorio e il lavoro svolto con professionalit\u00e0 e impegno garantiscono a chi si affida a noi la possibilit\u00e0 di vivere l\u2019isola con serenit\u00e0, senza doversi confrontare con imprevisti legati alle barriere architettoniche.<\/p>\t\t\t\t\t\t\t\t<\/div>\n\t\t\t\t<\/div>\n\t\t\t\t\t<\/div>\n\t\t\t\t<\/div>\n\t\t<div class=\"elementor-element elementor-element-8343187 e-flex e-con-boxed e-con e-parent\" data-id=\"8343187\" data-element_type=\"container\" data-e-type=\"container\" data-settings=\"{&quot;background_background&quot;:&quot;classic&quot;}\">\n\t\t\t\t\t<div class=\"e-con-inner\">\n\t\t<div class=\"elementor-element elementor-element-edda0d7 e-con-full animated-slow e-flex elementor-invisible e-con e-child\" data-id=\"edda0d7\" data-element_type=\"container\" data-e-type=\"container\" data-settings=\"{&quot;background_background&quot;:&quot;classic&quot;,&quot;animation&quot;:&quot;fadeInRight&quot;}\">\n\t\t\t\t<div class=\"elementor-element elementor-element-062d0c1 elementor-widget elementor-widget-elementskit-heading\" data-id=\"062d0c1\" data-element_type=\"widget\" data-e-type=\"widget\" data-widget_type=\"elementskit-heading.default\">\n\t\t\t\t\t<div class=\"ekit-wid-con\" ><div class=\"ekit-heading elementskit-section-title-wraper text_left   ekit_heading_tablet-   ekit_heading_mobile- ekit-heading__title-in-left\">\t\t\t\t<div class='ekit-heading__title-wrapper'>\n\t\t\t<h2 class=\"ekit-heading--title elementskit-section-title \">Un aeropuerto peque\u00f1o y tranquilo<\/h2>\t\t\t\t<\/div>\n\t\t\t\t<div class='ekit-heading__content-wrapper'>\n\t\t\t\t\t\t\t<\/div>\n\t\t\t<\/div><\/div>\t\t\t\t<\/div>\n\t\t\t\t<div class=\"elementor-element elementor-element-ef28b61 elementor-widget elementor-widget-text-editor\" data-id=\"ef28b61\" data-element_type=\"widget\" data-e-type=\"widget\" data-widget_type=\"text-editor.default\">\n\t\t\t\t\t\t\t\t\t<p>Inoltre, \u00e8 facile da raggiungere. Il suo aeroporto \u00e8 piccolo, poco affollato e dispone di un servizio di assistenza dedicato, che riduce l\u2019ansia, lo stress e possibili stati di confusione nelle persone con mobilit\u00e0 ridotta o con esigenze particolari che devono affrontare un viaggio.<\/p>\t\t\t\t\t\t\t\t<\/div>\n\t\t\t\t<\/div>\n\t\t\t\t\t<\/div>\n\t\t\t\t<\/div>\n\t\t<div class=\"elementor-element elementor-element-c03fc95 e-flex e-con-boxed e-con e-parent\" data-id=\"c03fc95\" data-element_type=\"container\" data-e-type=\"container\" data-settings=\"{&quot;background_background&quot;:&quot;classic&quot;}\">\n\t\t\t\t\t<div class=\"e-con-inner\">\n\t\t<div class=\"elementor-element elementor-element-2178b3e e-con-full e-flex elementor-invisible e-con e-child\" data-id=\"2178b3e\" data-element_type=\"container\" data-e-type=\"container\" data-settings=\"{&quot;animation&quot;:&quot;fadeIn&quot;}\">\n\t\t\t\t<div class=\"elementor-element elementor-element-0801b6a elementor-invisible elementor-widget elementor-widget-heading\" data-id=\"0801b6a\" data-element_type=\"widget\" data-e-type=\"widget\" data-settings=\"{&quot;_animation&quot;:&quot;fadeIn&quot;,&quot;_animation_delay&quot;:200}\" data-widget_type=\"heading.default\">\n\t\t\t\t\t<h2 class=\"elementor-heading-title elementor-size-default\">In sintesi<\/h2>\t\t\t\t<\/div>\n\t\t\t\t<div class=\"elementor-element elementor-element-0a41530 elementor-widget__width-initial elementor-widget elementor-widget-text-editor\" data-id=\"0a41530\" data-element_type=\"widget\" data-e-type=\"widget\" data-widget_type=\"text-editor.default\">\n\t\t\t\t\t\t\t\t\t<p><strong>Fuerteventura unisce un clima favorevole, una natura rigenerante, sicurezza e accessibilit\u00e0,<\/strong><br>\n<strong>offrendo l\u2019ambiente ideale per chi partecipa alle attivit\u00e0 della nostra Associazione.<\/strong><\/p>\n\n<p>Qui, le persone con Parkinson e le loro famiglie possono concentrarsi sul benessere, sulla riabilitazione e sulla qualit\u00e0 della vita.<\/p>\n\n<p>Per noi non \u00e8 solo un luogo: \u00e8 lo spazio giusto per il nostro lavoro e per accogliervi.<\/p>\n\n<p>Abbiamo scelto Fuerteventura perch\u00e9 qui possiamo offrire concretamente continuit\u00e0, maggiore qualit\u00e0 e pi\u00f9 opportunit\u00e0 per valorizzare la salute e il benessere.<\/p>\t\t\t\t\t\t\t\t<\/div>\n\t\t\t\t<\/div>\n\t\t\t\t\t<\/div>\n\t\t\t\t<\/div>\n\t\t\t\t<\/div>\n\t\t","protected":false},"excerpt":{"rendered":"<p>Personalizzato per il morbo di Parkinson Fuerteventura Perch\u00e9 abbiamo scelto quest\u2019isola per il nostro progetto dedicato alle persone con Parkinson e ai loro familiari Fuerteventura \u00e8 un luogo meraviglioso, il cui clima, la luce, la natura e lo stile di vita creano condizioni particolarmente favorevoli per chi convive con il Parkinson. La nostra Associazione \u00e8 [&hellip;]<\/p>\n","protected":false},"author":1,"featured_media":0,"parent":0,"menu_order":0,"comment_status":"closed","ping_status":"closed","template":"","meta":{"footnotes":""},"class_list":["post-6760","page","type-page","status-publish","hentry"],"yoast_head":"<!-- This site is optimized with the Yoast SEO plugin v27.4 - https:\/\/yoast.com\/product\/yoast-seo-wordpress\/ -->\n<title>Fuerteventura - Parkinson No Limit<\/title>\n<meta name=\"robots\" content=\"index, follow, max-snippet:-1, max-image-preview:large, max-video-preview:-1\" \/>\n<link rel=\"canonical\" href=\"https:\/\/parkinsonnolimits.com\/it\/fuerteventura\/\" \/>\n<meta property=\"og:locale\" content=\"it_IT\" \/>\n<meta property=\"og:type\" content=\"article\" \/>\n<meta property=\"og:title\" content=\"Fuerteventura - Parkinson No Limit\" \/>\n<meta property=\"og:description\" content=\"Personalizzato per il morbo di Parkinson Fuerteventura Perch\u00e9 abbiamo scelto quest\u2019isola per il nostro progetto dedicato alle persone con Parkinson e ai loro familiari Fuerteventura \u00e8 un luogo meraviglioso, il cui clima, la luce, la natura e lo stile di vita creano condizioni particolarmente favorevoli per chi convive con il Parkinson. La nostra Associazione \u00e8 [&hellip;]\" \/>\n<meta property=\"og:url\" content=\"https:\/\/parkinsonnolimits.com\/it\/fuerteventura\/\" \/>\n<meta property=\"og:site_name\" content=\"Parkinson No Limit\" \/>\n<meta property=\"article:modified_time\" content=\"2026-04-09T09:18:27+00:00\" \/>\n<meta name=\"twitter:card\" content=\"summary_large_image\" \/>\n<meta name=\"twitter:label1\" content=\"Tempo di lettura stimato\" \/>\n\t<meta name=\"twitter:data1\" content=\"3 minuti\" \/>\n<script type=\"application\/ld+json\" class=\"yoast-schema-graph\">{\"@context\":\"https:\\\/\\\/schema.org\",\"@graph\":[{\"@type\":\"WebPage\",\"@id\":\"https:\\\/\\\/parkinsonnolimits.com\\\/it\\\/fuerteventura\\\/\",\"url\":\"https:\\\/\\\/parkinsonnolimits.com\\\/it\\\/fuerteventura\\\/\",\"name\":\"Fuerteventura - Parkinson No Limit\",\"isPartOf\":{\"@id\":\"https:\\\/\\\/parkinsonnolimits.com\\\/#website\"},\"datePublished\":\"2025-12-17T10:00:50+00:00\",\"dateModified\":\"2026-04-09T09:18:27+00:00\",\"breadcrumb\":{\"@id\":\"https:\\\/\\\/parkinsonnolimits.com\\\/it\\\/fuerteventura\\\/#breadcrumb\"},\"inLanguage\":\"it-IT\",\"potentialAction\":[{\"@type\":\"ReadAction\",\"target\":[\"https:\\\/\\\/parkinsonnolimits.com\\\/it\\\/fuerteventura\\\/\"]}]},{\"@type\":\"BreadcrumbList\",\"@id\":\"https:\\\/\\\/parkinsonnolimits.com\\\/it\\\/fuerteventura\\\/#breadcrumb\",\"itemListElement\":[{\"@type\":\"ListItem\",\"position\":1,\"name\":\"Portada\",\"item\":\"https:\\\/\\\/parkinsonnolimits.com\\\/it\\\/\"},{\"@type\":\"ListItem\",\"position\":2,\"name\":\"Fuerteventura\"}]},{\"@type\":\"WebSite\",\"@id\":\"https:\\\/\\\/parkinsonnolimits.com\\\/#website\",\"url\":\"https:\\\/\\\/parkinsonnolimits.com\\\/\",\"name\":\"Parkinson No Limit\",\"description\":\"\",\"potentialAction\":[{\"@type\":\"SearchAction\",\"target\":{\"@type\":\"EntryPoint\",\"urlTemplate\":\"https:\\\/\\\/parkinsonnolimits.com\\\/?s={search_term_string}\"},\"query-input\":{\"@type\":\"PropertyValueSpecification\",\"valueRequired\":true,\"valueName\":\"search_term_string\"}}],\"inLanguage\":\"it-IT\"}]}<\/script>\n<!-- \/ Yoast SEO plugin. -->","yoast_head_json":{"title":"Fuerteventura - Parkinson No Limit","robots":{"index":"index","follow":"follow","max-snippet":"max-snippet:-1","max-image-preview":"max-image-preview:large","max-video-preview":"max-video-preview:-1"},"canonical":"https:\/\/parkinsonnolimits.com\/it\/fuerteventura\/","og_locale":"it_IT","og_type":"article","og_title":"Fuerteventura - Parkinson No Limit","og_description":"Personalizzato per il morbo di Parkinson Fuerteventura Perch\u00e9 abbiamo scelto quest\u2019isola per il nostro progetto dedicato alle persone con Parkinson e ai loro familiari Fuerteventura \u00e8 un luogo meraviglioso, il cui clima, la luce, la natura e lo stile di vita creano condizioni particolarmente favorevoli per chi convive con il Parkinson. La nostra Associazione \u00e8 [&hellip;]","og_url":"https:\/\/parkinsonnolimits.com\/it\/fuerteventura\/","og_site_name":"Parkinson No Limit","article_modified_time":"2026-04-09T09:18:27+00:00","twitter_card":"summary_large_image","twitter_misc":{"Tempo di lettura stimato":"3 minuti"},"schema":{"@context":"https:\/\/schema.org","@graph":[{"@type":"WebPage","@id":"https:\/\/parkinsonnolimits.com\/it\/fuerteventura\/","url":"https:\/\/parkinsonnolimits.com\/it\/fuerteventura\/","name":"Fuerteventura - Parkinson No Limit","isPartOf":{"@id":"https:\/\/parkinsonnolimits.com\/#website"},"datePublished":"2025-12-17T10:00:50+00:00","dateModified":"2026-04-09T09:18:27+00:00","breadcrumb":{"@id":"https:\/\/parkinsonnolimits.com\/it\/fuerteventura\/#breadcrumb"},"inLanguage":"it-IT","potentialAction":[{"@type":"ReadAction","target":["https:\/\/parkinsonnolimits.com\/it\/fuerteventura\/"]}]},{"@type":"BreadcrumbList","@id":"https:\/\/parkinsonnolimits.com\/it\/fuerteventura\/#breadcrumb","itemListElement":[{"@type":"ListItem","position":1,"name":"Portada","item":"https:\/\/parkinsonnolimits.com\/it\/"},{"@type":"ListItem","position":2,"name":"Fuerteventura"}]},{"@type":"WebSite","@id":"https:\/\/parkinsonnolimits.com\/#website","url":"https:\/\/parkinsonnolimits.com\/","name":"Parkinson No Limit","description":"","potentialAction":[{"@type":"SearchAction","target":{"@type":"EntryPoint","urlTemplate":"https:\/\/parkinsonnolimits.com\/?s={search_term_string}"},"query-input":{"@type":"PropertyValueSpecification","valueRequired":true,"valueName":"search_term_string"}}],"inLanguage":"it-IT"}]}},"_hostinger_reach_plugin_has_subscription_block":false,"_hostinger_reach_plugin_is_elementor":false,"_links":{"self":[{"href":"https:\/\/parkinsonnolimits.com\/it\/wp-json\/wp\/v2\/pages\/6760","targetHints":{"allow":["GET"]}}],"collection":[{"href":"https:\/\/parkinsonnolimits.com\/it\/wp-json\/wp\/v2\/pages"}],"about":[{"href":"https:\/\/parkinsonnolimits.com\/it\/wp-json\/wp\/v2\/types\/page"}],"author":[{"embeddable":true,"href":"https:\/\/parkinsonnolimits.com\/it\/wp-json\/wp\/v2\/users\/1"}],"replies":[{"embeddable":true,"href":"https:\/\/parkinsonnolimits.com\/it\/wp-json\/wp\/v2\/comments?post=6760"}],"version-history":[{"count":4,"href":"https:\/\/parkinsonnolimits.com\/it\/wp-json\/wp\/v2\/pages\/6760\/revisions"}],"predecessor-version":[{"id":6768,"href":"https:\/\/parkinsonnolimits.com\/it\/wp-json\/wp\/v2\/pages\/6760\/revisions\/6768"}],"wp:attachment":[{"href":"https:\/\/parkinsonnolimits.com\/it\/wp-json\/wp\/v2\/media?parent=6760"}],"curies":[{"name":"wp","href":"https:\/\/api.w.org\/{rel}","templated":true}]}}